{"id":2225,"date":"2023-08-02T13:48:51","date_gmt":"2023-08-02T12:48:51","guid":{"rendered":"https:\/\/bakermusik.de\/?page_id=2225"},"modified":"2026-03-16T20:29:19","modified_gmt":"2026-03-16T19:29:19","slug":"seitenuebersicht","status":"publish","type":"page","link":"https:\/\/bakermusik.de\/en\/seitenuebersicht\/","title":{"rendered":"Site Map"},"content":{"rendered":"<p class=\"has-white-color has-text-color has-link-color wp-elements-6946127fc4accbb3b9d048cb9799361c\" style=\"font-size:0px\">Site Map<\/p>\n\n\n\n<div class=\"wp-block-columns has-white-background-color has-background is-layout-flex wp-container-core-columns-is-layout-28f84493 wp-block-columns-is-layout-flex\">\n<div class=\"wp-block-column is-layout-flow wp-block-column-is-layout-flow\">\n<div class=\"wp-block-columns is-layout-flex wp-container-core-columns-is-layout-28f84493 wp-block-columns-is-layout-flex\">\n<div class=\"wp-block-column is-layout-flow wp-block-column-is-layout-flow\" style=\"flex-basis:80%\">\n<p>BAKER MUSIK - Flute, recorder, keyboard, piano, voice and theory lessons in English or German.<\/p>\n<\/div>\n\n\n\n<div class=\"wp-block-column is-layout-flow wp-block-column-is-layout-flow\"><div class=\"trp-shortcode-switcher__wrapper\"\r\n     style=\"--bg:#ffffff;--bg-hover:#0000000d;--text:#143852;--text-hover:#1d2327;--border:1px solid #000000;--border-width:1px;--border-color:#000000;--border-radius:5px;--flag-radius:2px;--flag-size:18px;--aspect-ratio:4\/3;--font-size:14px;--transition-duration:0.2s\"\r\n     role=\"group\"\r\n     data-open-mode=\"hover\">\r\n\r\n    \r\n        <!-- ANCHOR (in-flow only; sizing\/borders; inert) -->\r\n        <div class=\"trp-language-switcher trp-ls-dropdown trp-shortcode-switcher trp-shortcode-anchor trp-open-on-hover\"\r\n             aria-hidden=\"true\"\r\n             inert\r\n data-no-translation>\r\n                <div class=\"trp-current-language-item__wrapper\">\r\n        <a class=\"trp-language-item trp-language-item__default trp-language-item__current\" data-no-translation href=\"https:\/\/bakermusik.de\/en\/wp-json\/wp\/v2\/pages\/2225\" title=\"English (Canada)\"><img decoding=\"async\" src=\"https:\/\/bakermusik.de\/wp-content\/plugins\/translatepress-multilingual\/assets\/flags\/4x3\/en_CA.svg\" class=\"trp-flag-image\" alt=\"\" role=\"presentation\" loading=\"lazy\" \/><span class=\"trp-language-item-name\">English (Canada)<\/span><\/a>                    <svg class=\"trp-shortcode-arrow\" width=\"20\" height=\"20\" viewbox=\"0 0 20 21\" fill=\"none\" aria-hidden=\"true\" focusable=\"false\" xmlns=\"http:\/\/www.w3.org\/2000\/svg\">\r\n                <path d=\"M5 8L10 13L15 8\" stroke=\"var(--text)\" stroke-width=\"2\" stroke-linecap=\"round\" stroke-linejoin=\"round\"\/>\r\n            <\/svg>\r\n            <\/div>\r\n            <\/div>\r\n\r\n        <!-- OVERLAY (positioned; interactive surface) -->\r\n        <div class=\"trp-language-switcher trp-ls-dropdown trp-shortcode-switcher trp-shortcode-overlay trp-open-on-hover\"\r\n             role=\"navigation\"\r\n             aria-label=\"Website language selector\"\r\n             data-no-translation\r\n>\r\n                <div class=\"trp-current-language-item__wrapper\">\r\n        <div class=\"trp-language-item trp-language-item__default trp-language-item__current\" data-no-translation role=\"button\" aria-expanded=\"false\" tabindex=\"0\" aria-label=\"Change language\" aria-controls=\"trp-shortcode-dropdown-69dbbc633053f\"><img decoding=\"async\" src=\"https:\/\/bakermusik.de\/wp-content\/plugins\/translatepress-multilingual\/assets\/flags\/4x3\/en_CA.svg\" class=\"trp-flag-image\" alt=\"\" role=\"presentation\" loading=\"lazy\" \/><span class=\"trp-language-item-name\">English (Canada)<\/span><\/div>                    <svg class=\"trp-shortcode-arrow\" width=\"20\" height=\"20\" viewbox=\"0 0 20 21\" fill=\"none\" aria-hidden=\"true\" focusable=\"false\" xmlns=\"http:\/\/www.w3.org\/2000\/svg\">\r\n                <path d=\"M5 8L10 13L15 8\" stroke=\"var(--text)\" stroke-width=\"2\" stroke-linecap=\"round\" stroke-linejoin=\"round\"\/>\r\n            <\/svg>\r\n            <\/div>\r\n    \r\n            <div class=\"trp-switcher-dropdown-list\"\r\n                 id=\"trp-shortcode-dropdown-69dbbc633053f\"\r\n                 role=\"group\"\r\n                 aria-label=\"Available languages\"\r\n                 hidden\r\n inert\r\n>\r\n                                                            <a class=\"trp-language-item\" href=\"https:\/\/bakermusik.de\/en\/wp-json\/wp\/v2\/pages\/2225\" title=\"Deutsch\">\r\n                            <img decoding=\"async\" src=\"https:\/\/bakermusik.de\/wp-content\/plugins\/translatepress-multilingual\/assets\/flags\/4x3\/de_DE.svg\" class=\"trp-flag-image\" alt=\"\" role=\"presentation\" loading=\"lazy\" \/>                                                            <span class=\"trp-language-item-name\" data-no-translation>Deutsch<\/span>\r\n                                                                                <\/a>\r\n                                                <\/div>\r\n        <\/div>\r\n\r\n    <\/div>\r\n\n<\/div>\n<\/div>\n\n\n<div class=\"aioseo-html-sitemap\"><style>.aioseo-html-sitemap.labels-hidden ul { margin: 0; }<\/style><div class=\"aioseo-html-page-sitemap\"><h4>Pages<\/h4><ul><li><a href=\"https:\/\/bakermusik.de\/en\/\" >Baker Music - Piano, Flute and Voice lessons<\/a><\/li><li><a href=\"https:\/\/bakermusik.de\/en\/biographie\/\" >Biography - Music in my Life<\/a><\/li><li><a href=\"https:\/\/bakermusik.de\/en\/cookie-richtlinie-eu\/\" >cookie policy<\/a><\/li><li><a href=\"https:\/\/bakermusik.de\/en\/datenschutzerklaerung\/\" >Privacy Policy<\/a><\/li><li><a href=\"https:\/\/bakermusik.de\/en\/empfehlungen\/\" >recommendations<\/a><\/li><li><a href=\"https:\/\/bakermusik.de\/en\/galerie\/\" >gallery<\/a><\/li><li><a href=\"https:\/\/bakermusik.de\/en\/galerie-musikunterhaltung\/\" >gallery - music events<\/a><\/li><li><a href=\"https:\/\/bakermusik.de\/en\/galerie-schuelerinnen\/\" >gallery - student photos<\/a><\/li><li><a href=\"https:\/\/bakermusik.de\/en\/gesang\/\" >Voice<\/a><\/li><li><a href=\"https:\/\/bakermusik.de\/en\/ihr-beitrag\/\" >Rates<\/a><\/li><li><a href=\"https:\/\/bakermusik.de\/en\/impressum\/\" >imprint \/ legal notice<\/a><\/li><li><a href=\"https:\/\/bakermusik.de\/en\/jazz\/\" >Jazz<\/a><\/li><li><a href=\"https:\/\/bakermusik.de\/en\/klassik\/\" >Classical<\/a><\/li><li><a href=\"https:\/\/bakermusik.de\/en\/klavier-keyboard\/\" >Klavier \/ Keyboard<\/a><\/li><li><a href=\"https:\/\/bakermusik.de\/en\/kontakt\/\" >contact<\/a><\/li><li><a href=\"https:\/\/bakermusik.de\/en\/mehr-klassik\/\" >more Classical<\/a><\/li><li><a href=\"https:\/\/bakermusik.de\/en\/musik-buecher\/\" >Music Books<\/a><\/li><li><a href=\"https:\/\/bakermusik.de\/en\/musikproben\/\" >music clips<\/a><\/li><li><a href=\"https:\/\/bakermusik.de\/en\/musikunterhaltung\/\" >music events<\/a><\/li><li><a href=\"https:\/\/bakermusik.de\/en\/musikunterricht\/\" >music lessons<\/a><\/li><li><a href=\"https:\/\/bakermusik.de\/en\/new-age\/\" >New Age<\/a><\/li><li><a href=\"https:\/\/bakermusik.de\/en\/querfloete-und-klavier\/\" >Flute and Piano<\/a><\/li><li><a href=\"https:\/\/bakermusik.de\/en\/seitenuebersicht\/\" >Site Map<\/a><\/li><li><a href=\"https:\/\/bakermusik.de\/en\/spanisch\/\" >Spanish<\/a><\/li><li><a href=\"https:\/\/bakermusik.de\/en\/traditionell\/\" >Traditional<\/a><\/li><li><a href=\"https:\/\/bakermusik.de\/en\/videos\/\" >videos<\/a><\/li><li><a href=\"https:\/\/bakermusik.de\/en\/videos-kathleen-baker\/\" >videos - Kathleen Baker<\/a><\/li><li><a href=\"https:\/\/bakermusik.de\/en\/videos-schuelerinnen-klavier-und-keyboard\/\" >videos students - piano, keyboard and voice<\/a><\/li><li><a href=\"https:\/\/bakermusik.de\/en\/videos-schuelerinnen-querfloete-blockfloete-und-stimme\/\" >videos students - flute, recorder and voice<\/a><\/li><\/ul><\/div><br \/><div class=\"aioseo-html-category-sitemap\"><h4>Categories<\/h4><ul><li><a href=\"https:\/\/bakermusik.de\/en\/category\/allgemeines\/\" >Allgemeines<\/a><\/li><li><a href=\"https:\/\/bakermusik.de\/en\/category\/empfehlungen\/\" >recommendations<\/a><\/li><li><a href=\"https:\/\/bakermusik.de\/en\/category\/home\/\" >Front Page<\/a><\/li><li><a href=\"https:\/\/bakermusik.de\/en\/category\/galerie\/\" >gallery<\/a><\/li><li><a href=\"https:\/\/bakermusik.de\/en\/category\/musikproben\/\" >music clips<\/a><\/li><li><a href=\"https:\/\/bakermusik.de\/en\/category\/musikunterhaltung\/\" >music events<\/a><\/li><li><a href=\"https:\/\/bakermusik.de\/en\/category\/musikunterricht\/\" >music lessons<\/a><\/li><li><a href=\"https:\/\/bakermusik.de\/en\/category\/rechtliches\/\" >Rechtliches<\/a><\/li><\/ul><\/div><br \/><div class=\"aioseo-html-post_tag-sitemap\"><h4>Tags<\/h4><ul><li><a href=\"https:\/\/bakermusik.de\/en\/tag\/anschrift\/\" >Address<\/a><\/li><li><a href=\"https:\/\/bakermusik.de\/en\/tag\/bakermusik-kathleen-baker\/\" >BAKERMUSIK - Kathleen Baker<\/a><\/li><li><a href=\"https:\/\/bakermusik.de\/en\/tag\/beitrag\/\" >Beitrag<\/a><\/li><li><a href=\"https:\/\/bakermusik.de\/en\/tag\/biographie-musik-in-meinem-leben\/\" >Biographie \u2013 Musik in meinem Leben<\/a><\/li><li><a href=\"https:\/\/bakermusik.de\/en\/tag\/blockfloete\/\" >Recorder<\/a><\/li><li><a href=\"https:\/\/bakermusik.de\/en\/tag\/blockfloete-und-gesang\/\" >Blockfl\u00f6te und Gesang<\/a><\/li><li><a href=\"https:\/\/bakermusik.de\/en\/tag\/cookie-richtlinie\/\" >cookie policy<\/a><\/li><li><a href=\"https:\/\/bakermusik.de\/en\/tag\/datenschutzerklaerung-allgemeine-und-spezifische-hinweise\/\" >Datenschutzerkl\u00e4rung. Allgemeine und spezifische Hinweise.<\/a><\/li><li><a href=\"https:\/\/bakermusik.de\/en\/tag\/deine-rechte-in-bezug-auf-personenbezogene-daten\/\" >Deine Rechte in Bezug auf personenbezogene Daten<\/a><\/li><li><a href=\"https:\/\/bakermusik.de\/en\/tag\/eltern\/\" >Parents<\/a><\/li><li><a href=\"https:\/\/bakermusik.de\/en\/tag\/empfehlungen\/\" >recommendations<\/a><\/li><li><a href=\"https:\/\/bakermusik.de\/en\/tag\/galerie-musikunterhaltung\/\" >gallery - music events<\/a><\/li><li><a href=\"https:\/\/bakermusik.de\/en\/tag\/galerie-schuelerinnen\/\" >gallery - student photos<\/a><\/li><li><a href=\"https:\/\/bakermusik.de\/en\/tag\/gesang\/\" >Voice<\/a><\/li><li><a href=\"https:\/\/bakermusik.de\/en\/tag\/gesang-und-musiktheorie-unterricht-auf-english-oder-deutsch\/\" >Gesang und Musiktheorie-Unterricht auf English oder Deutsch.<\/a><\/li><li><a href=\"https:\/\/bakermusik.de\/en\/tag\/haftung-fuer-inhalte\/\" >Liability for contents<\/a><\/li><li><a href=\"https:\/\/bakermusik.de\/en\/tag\/haftung-fuer-links\/\" >Liability for links<\/a><\/li><li><a href=\"https:\/\/bakermusik.de\/en\/tag\/ihr-beitrag\/\" >Rates<\/a><\/li><li><a href=\"https:\/\/bakermusik.de\/en\/tag\/impressum\/\" >imprint \/ legal notice<\/a><\/li><li><a href=\"https:\/\/bakermusik.de\/en\/tag\/keyboard\/\" >Keyboard<\/a><\/li><li><a href=\"https:\/\/bakermusik.de\/en\/tag\/keyboard-und-gesang\/\" >Keyboard und Gesang<\/a><\/li><li><a href=\"https:\/\/bakermusik.de\/en\/tag\/klavier\/\" >Klavier<\/a><\/li><li><a href=\"https:\/\/bakermusik.de\/en\/tag\/klavier-keyboard-und-gesang\/\" >Klavier Keyboard und Gesang<\/a><\/li><li><a href=\"https:\/\/bakermusik.de\/en\/tag\/koelner-stadt-anzeiger\/\" >K\u00f6lner Stadt-Anzeiger<\/a><\/li><li><a href=\"https:\/\/bakermusik.de\/en\/tag\/kontakt\/\" >contact<\/a><\/li><li><a href=\"https:\/\/bakermusik.de\/en\/tag\/kontaktdaten\/\" >Kontaktdaten<\/a><\/li><li><a href=\"https:\/\/bakermusik.de\/en\/tag\/konzerte-und-veranstaltungen\/\" >Concerts and Events<\/a><\/li><li><a href=\"https:\/\/bakermusik.de\/en\/tag\/lehrtaetigkeit-und-auffuehrungspraxis\/\" >Teaching and Performing Career<\/a><\/li><li><a href=\"https:\/\/bakermusik.de\/en\/tag\/mehr-klassik\/\" >more Classical<\/a><\/li><li><a href=\"https:\/\/bakermusik.de\/en\/tag\/musik-fuer-jede-gelegenheit\/\" >Music for Your Special Occasion<\/a><\/li><li><a href=\"https:\/\/bakermusik.de\/en\/tag\/musikproben\/\" >music clips<\/a><\/li><li><a href=\"https:\/\/bakermusik.de\/en\/tag\/musikproben-jazz\/\" >Jazz excerpts<\/a><\/li><li><a href=\"https:\/\/bakermusik.de\/en\/tag\/musikproben-jazz-traditionell-spanisch-klassik-keyboard-klavier-gesang-new-age-querfloete-klavier-improvisationen-eigene-kompositionen\/\" >Musikproben: Jazz Traditionell Spanisch Klassik Keyboard\/Klavier Gesang New Age Querfl\u00f6te Klavier (Improvisationen) (eigene Kompositionen)<\/a><\/li><li><a href=\"https:\/\/bakermusik.de\/en\/tag\/musikproben-klassik\/\" >Classical music excerpts<\/a><\/li><li><a href=\"https:\/\/bakermusik.de\/en\/tag\/musikproben-klavier-keyboard\/\" >Music samples: Piano \/ Keyboard<\/a><\/li><li><a href=\"https:\/\/bakermusik.de\/en\/tag\/musikproben-new-age\/\" >New Age music repertoire excerpts<\/a><\/li><li><a href=\"https:\/\/bakermusik.de\/en\/tag\/musikproben-querfloete-und-klavier\/\" >Musikproben: Querfl\u00f6te und Klavier<\/a><\/li><li><a href=\"https:\/\/bakermusik.de\/en\/tag\/musikproben-spanisch\/\" >Spanish repertoire excerpts<\/a><\/li><li><a href=\"https:\/\/bakermusik.de\/en\/tag\/musikproben-traditionell\/\" >Traditional repertoire excerpts<\/a><\/li><li><a href=\"https:\/\/bakermusik.de\/en\/tag\/musikunterhaltung\/\" >music events<\/a><\/li><li><a href=\"https:\/\/bakermusik.de\/en\/tag\/musikunterhaltung-fotos\/\" >Musikunterhaltung Fotos<\/a><\/li><li><a href=\"https:\/\/bakermusik.de\/en\/tag\/musikunterricht\/\" >music lessons<\/a><\/li><li><a href=\"https:\/\/bakermusik.de\/en\/tag\/quellenangaben\/\" >Quellenangaben<\/a><\/li><li><a href=\"https:\/\/bakermusik.de\/en\/tag\/querfloete\/\" >Querfl\u00f6te<\/a><\/li><li><a href=\"https:\/\/bakermusik.de\/en\/tag\/querfloete-blockfloete-und-gesang\/\" >Querfl\u00f6te Blockfl\u00f6te und Gesang<\/a><\/li><li><a href=\"https:\/\/bakermusik.de\/en\/tag\/querfloete-solo\/\" >Flute solo<\/a><\/li><li><a href=\"https:\/\/bakermusik.de\/en\/tag\/querfloete-solo-querfloete-und-orchester\/\" >Querfl\u00f6te solo Querfl\u00f6te und Orchester<\/a><\/li><li><a href=\"https:\/\/bakermusik.de\/en\/tag\/querfloete-und-gitarre\/\" >Flute and Guitar<\/a><\/li><li><a href=\"https:\/\/bakermusik.de\/en\/tag\/querfloete-und-orchester\/\" >Flute and Orchestra<\/a><\/li><li><a href=\"https:\/\/bakermusik.de\/en\/tag\/rein-visuelle-kommunikation\/\" >rein visuelle Kommunikation<\/a><\/li><li><a href=\"https:\/\/bakermusik.de\/en\/tag\/schueler-und-andere\/\" >Sch\u00fcler und andere<\/a><\/li><li><a href=\"https:\/\/bakermusik.de\/en\/tag\/schuelerinnen-fotos\/\" >Sch\u00fcler*innen Fotos<\/a><\/li><li><a href=\"https:\/\/bakermusik.de\/en\/tag\/seitenuebersicht\/\" >SEiten\u00fcbersicht<\/a><\/li><li><a href=\"https:\/\/bakermusik.de\/en\/tag\/sinfonieorchester-bergisch-gladbach\/\" >Bergisch Gladbach Symphony Orchestra<\/a><\/li><li><a href=\"https:\/\/bakermusik.de\/en\/tag\/sinfonieorchester-bergisch-gladbach-konzerte\/\" >Sinfonieorchester Bergisch Gladbach Konzerte<\/a><\/li><li><a href=\"https:\/\/bakermusik.de\/en\/tag\/site-map\/\" >site map<\/a><\/li><li><a href=\"https:\/\/bakermusik.de\/en\/tag\/studien\/\" >Studies<\/a><\/li><li><a href=\"https:\/\/bakermusik.de\/en\/tag\/urheberrecht\/\" >Copyright<\/a><\/li><li><a href=\"https:\/\/bakermusik.de\/en\/tag\/videos\/\" >videos<\/a><\/li><li><a href=\"https:\/\/bakermusik.de\/en\/tag\/videos-kathleen-baker\/\" >Videos: Kathleen Baker<\/a><\/li><li><a href=\"https:\/\/bakermusik.de\/en\/tag\/videos-schuelerinnen\/\" >Videos: Students<\/a><\/li><li><a href=\"https:\/\/bakermusik.de\/en\/tag\/vielen-dank-fuer-die-schoene-und-lehrreiche-zeit\/\" >Vielen Dank f\u00fcr die sch\u00f6ne und lehrreiche Zeit.<\/a><\/li><li><a href=\"https:\/\/bakermusik.de\/en\/tag\/visuelle-informationen\/\" >visuelle Informationen<\/a><\/li><li><a href=\"https:\/\/bakermusik.de\/en\/tag\/vita\/\" >Resum\u00e9<\/a><\/li><li><a href=\"https:\/\/bakermusik.de\/en\/tag\/weitere-konzerte-und-veranstaltungen\/\" >More Concerts and Events<\/a><\/li><\/ul><\/div><br \/><\/div>\n<\/div>\n<\/div>\n\n\n\n<div class=\"wp-block-columns is-layout-flex wp-container-core-columns-is-layout-28f84493 wp-block-columns-is-layout-flex\">\n<div class=\"wp-block-column is-layout-flow wp-block-column-is-layout-flow\">\n<hr class=\"wp-block-separator has-text-color has-global-color-8-color has-alpha-channel-opacity has-global-color-8-background-color has-background\"\/>\n\n\n\n<div style=\"height:20px\" aria-hidden=\"true\" class=\"wp-block-spacer\"><\/div>\n\n\n\n<div class=\"wp-block-columns is-layout-flex wp-container-core-columns-is-layout-28f84493 wp-block-columns-is-layout-flex\">\n<div class=\"wp-block-column m1 m12 has-background is-layout-flow wp-block-column-is-layout-flow\" style=\"background-color:#ebebeb\">\n<p style=\"padding-top:var(--wp--preset--spacing--40);font-size:1.4em\">Social Media<br> <\/p>\n\n\n\n<div class=\"sfsi_widget sfsi_shortcode_container\"><div class=\"norm_row sfsi_wDiv\"  style=\"width:225px;text-align:center;\"><div style='width:40px; height:40px;margin-left:5px;margin-bottom:5px; ' class='sfsi_wicons shuffeldiv' ><div class='inerCnt'><a class='sficn' data-effect='scale' target='_blank' rel='noopener'  href='https:\/\/www.facebook.com\/profile.php?id=100027725660575' id='sfsiid_facebook_icon' style='width:40px;height:40px;opacity:1;'  ><img data-pin-nopin='true' alt='Facebook' title='Facebook' src='https:\/\/bakermusik.de\/wp-content\/plugins\/ultimate-social-media-icons\/images\/icons_theme\/crystal\/crystal_facebook.png' width='40' height='40' style='' class='sfcm sfsi_wicon' data-effect='scale'   \/><\/a><div class=\"sfsi_tool_tip_2 fb_tool_bdr sfsiTlleft\" style=\"opacity:0;z-index:-1;\" id=\"sfsiid_facebook\"><span class=\"bot_arow bot_fb_arow\"><\/span><div class=\"sfsi_inside\"><div  class='icon1'><a href='https:\/\/www.facebook.com\/profile.php?id=100027725660575' target='_blank' rel='noopener'><img data-pin-nopin='true' class='sfsi_wicon' alt='Facebook' title='Facebook' src='https:\/\/bakermusik.de\/wp-content\/plugins\/ultimate-social-media-icons\/images\/visit_icons\/Visit_us_fb\/icon_Visit_us_en_US.png' \/><\/a><\/div><div  class='icon2'><div class=\"fb-like\" width=\"200\" data-href=\"https:\/\/bakermusik.de\/en\/seitenuebersicht\/\"  data-send=\"false\" data-layout=\"button_count\" data-action=\"like\"><\/div><\/div><div  class='icon3'><a target='_blank' rel='noopener' href='https:\/\/www.facebook.com\/sharer\/sharer.php?u=https%3A%2F%2Fbakermusik.de%2Fen%2Fwp-json%2Fwp%2Fv2%2Fpages%2F2225' style='display:inline-block;'  > <img class='sfsi_wicon'  data-pin-nopin='true' alt='fb-share-icon' title='Facebook Share' src='https:\/\/bakermusik.de\/wp-content\/plugins\/ultimate-social-media-icons\/images\/share_icons\/fb_icons\/en_US.svg' \/><\/a><\/div><\/div><\/div><\/div><\/div><div style='width:40px; height:40px;margin-left:5px;margin-bottom:5px; ' class='sfsi_wicons shuffeldiv' ><div class='inerCnt'><a class='sficn' data-effect='scale' target='_blank' rel='noopener'  href='https:\/\/www.youtube.com\/user\/Nandinbaker' id='sfsiid_youtube_icon' style='width:40px;height:40px;opacity:1;'  ><img data-pin-nopin='true' alt='YouTube' title='YouTube' src='https:\/\/bakermusik.de\/wp-content\/plugins\/ultimate-social-media-icons\/images\/icons_theme\/crystal\/crystal_youtube.png' width='40' height='40' style='' class='sfcm sfsi_wicon' data-effect='scale'   \/><\/a><\/div><\/div><div style='width:40px; height:40px;margin-left:5px;margin-bottom:5px; ' class='sfsi_wicons shuffeldiv' ><div class='inerCnt'><a class='sficn' data-effect='scale' target='_blank' rel='noopener'  href='https:\/\/www.linkedin.com\/in\/nandin-kathleen-baker-360a6220\/' id='sfsiid_linkedin_icon' style='width:40px;height:40px;opacity:1;'  ><img data-pin-nopin='true' alt='LinkedIn' title='LinkedIn' src='https:\/\/bakermusik.de\/wp-content\/plugins\/ultimate-social-media-icons\/images\/icons_theme\/crystal\/crystal_linkedin.png' width='40' height='40' style='' class='sfcm sfsi_wicon' data-effect='scale'   \/><\/a><div class=\"sfsi_tool_tip_2 linkedin_tool_bdr sfsiTlleft\" style=\"opacity:0;z-index:-1;\" id=\"sfsiid_linkedin\"><span class=\"bot_arow bot_linkedin_arow\"><\/span><div class=\"sfsi_inside\"><div  class='icon4'><a href='https:\/\/www.linkedin.com\/in\/nandin-kathleen-baker-360a6220\/' target='_blank' rel='noopener'><img data-pin-nopin='true' class='sfsi_wicon' alt='LinkedIn' title='LinkedIn' src='https:\/\/bakermusik.de\/wp-content\/plugins\/ultimate-social-media-icons\/images\/visit_icons\/Visit_us_linkedin\/icon_en_US.svg' \/><\/a><\/div><div  class='icon1'><script type=\"IN\/FollowCompany\" data-id=\"10\" ><\/script><\/div><div  class='icon2'><a target='_blank' rel='noopener' href=\"https:\/\/www.linkedin.com\/sharing\/share-offsite\/?url=https%3A%2F%2Fbakermusik.de%2Fen%2Fwp-json%2Fwp%2Fv2%2Fpages%2F2225\"><img decoding=\"async\" class=\"sfsi_wicon\" data-pin-nopin= \"true\" alt=\"Share\" title=\"Share\" src=\"https:\/\/bakermusik.de\/wp-content\/plugins\/ultimate-social-media-icons\/images\/share_icons\/Linkedin_Share\/en_US_share.svg\" \/><\/a><\/div><div  class='icon3'><script type=\"IN\/RecommendProduct\" data-company=\"10\" data-product=\"\"><\/script><\/div><\/div><\/div><\/div><\/div><div style='width:40px; height:40px;margin-left:5px;margin-bottom:5px; ' class='sfsi_wicons shuffeldiv' ><div class='inerCnt'><a class='sficn' data-effect='scale' target='_blank' rel='noopener'  href='https:\/\/www.instagram.com\/nandin.baker\/' id='sfsiid_instagram_icon' style='width:40px;height:40px;opacity:1;'  ><img data-pin-nopin='true' alt='Instagram' title='Instagram' src='https:\/\/bakermusik.de\/wp-content\/plugins\/ultimate-social-media-icons\/images\/icons_theme\/crystal\/crystal_instagram.png' width='40' height='40' style='' class='sfcm sfsi_wicon' data-effect='scale'   \/><\/a><\/div><\/div><\/div><div id=\"sfsi_holder\" class=\"sfsi_holders\" style=\"position: relative; float: left;width:100%;z-index:-1;\"><\/div><script>window.addEventListener(\"sfsi_functions_loaded\", function()\n\t\t\t{\n\t\t\t\tif (typeof sfsi_widget_set == \"function\") {\n\t\t\t\t\tsfsi_widget_set();\n\t\t\t\t}\n\t\t\t}); jQuery( document ).ready(function( $ ) { sfsi_shuffle(); });<\/script><div style=\"clear: both;\"><\/div><\/div>\n\n\n\n<p><strong><a href=\"https:\/\/bakermusik.de\/en\/biographie\/\" data-type=\"page\" data-id=\"237\">biography<\/a><\/strong><br><a href=\"https:\/\/bakermusik.de\/en\/kontakt\/\" data-type=\"page\" data-id=\"125\"><strong>contact<\/strong><\/a><\/p>\n<\/div>\n\n\n\n<div class=\"wp-block-column m1 m12 has-background is-layout-flow wp-block-column-is-layout-flow\" style=\"background-color:#ebebeb\">\n<p style=\"padding-top:var(--wp--preset--spacing--40);font-size:1.4em\"><a href=\"https:\/\/bakermusik.de\/en\/kontakt\/\" data-type=\"page\" data-id=\"125\">contact<\/a><br><\/p>\n\n\n\n<p><a title=\"contact\" href=\"https:\/\/bakermusik.de\/en\/kontakt\/\">contact<\/a> via email or phone:<br>Email: <a title=\"\" href=\"mailto:info@nandinmusic.com\">info (at) bakermusik.de<\/a><br>Mobile +49 172 436 2012<\/p>\n\n\n\n<p>(see also page <a href=\"https:\/\/bakermusik.de\/en\/kontakt\/\">contact<\/a>)<br><br><\/p>\n<\/div>\n\n\n\n<div class=\"wp-block-column m1 m12 has-background is-layout-flow wp-block-column-is-layout-flow\" style=\"background-color:#ebebeb\">\n<p style=\"padding-top:var(--wp--preset--spacing--40);font-size:1.4em\">Imprint and Privacy Policy<\/p>\n\n\n\n<p><a href=\"\/en\/impressum\/\" title=\"\">imprint \/ legal notice<\/a><br><a href=\"\/en\/datenschutzerklaerung\/\" title=\"\">Privacy Policy<\/a><br><a href=\"\/en\/cookie-richtlinie-eu\/\" title=\"\">cookie policy<\/a><br><\/p>\n\n\n\n<p class=\"has-text-align-left\"><a href=\"https:\/\/bakermusik.de\/en\/seitenuebersicht\/\" target=\"_blank\" rel=\"noopener\" title=\"Site Map\">Site Map<\/a><br><\/p>\n\n\n\n<p><\/p>\n<\/div>\n<\/div>\n\n\n\n<div style=\"height:20px\" aria-hidden=\"true\" class=\"wp-block-spacer\"><\/div>\n<\/div>\n<\/div>","protected":false},"excerpt":{"rendered":"<p>Seiten\u00fcbersicht BAKER MUSIK &#8211; Querfl\u00f6te, Blockfl\u00f6te, Klavier, Keyboard, Gesang und Musiktheorie-Unterricht auf English oder Deutsch.<\/p>","protected":false},"author":1,"featured_media":0,"parent":0,"menu_order":0,"comment_status":"closed","ping_status":"closed","template":"","meta":{"footnotes":""},"categories":[25],"tags":[78,79],"class_list":["post-2225","page","type-page","status-publish","hentry","category-allgemeines","tag-seitenuebersicht","tag-site-map"],"aioseo_notices":[],"_links":{"self":[{"href":"https:\/\/bakermusik.de\/en\/wp-json\/wp\/v2\/pages\/2225","targetHints":{"allow":["GET"]}}],"collection":[{"href":"https:\/\/bakermusik.de\/en\/wp-json\/wp\/v2\/pages"}],"about":[{"href":"https:\/\/bakermusik.de\/en\/wp-json\/wp\/v2\/types\/page"}],"author":[{"embeddable":true,"href":"https:\/\/bakermusik.de\/en\/wp-json\/wp\/v2\/users\/1"}],"replies":[{"embeddable":true,"href":"https:\/\/bakermusik.de\/en\/wp-json\/wp\/v2\/comments?post=2225"}],"version-history":[{"count":5,"href":"https:\/\/bakermusik.de\/en\/wp-json\/wp\/v2\/pages\/2225\/revisions"}],"predecessor-version":[{"id":2900,"href":"https:\/\/bakermusik.de\/en\/wp-json\/wp\/v2\/pages\/2225\/revisions\/2900"}],"wp:attachment":[{"href":"https:\/\/bakermusik.de\/en\/wp-json\/wp\/v2\/media?parent=2225"}],"wp:term":[{"taxonomy":"category","embeddable":true,"href":"https:\/\/bakermusik.de\/en\/wp-json\/wp\/v2\/categories?post=2225"},{"taxonomy":"post_tag","embeddable":true,"href":"https:\/\/bakermusik.de\/en\/wp-json\/wp\/v2\/tags?post=2225"}],"curies":[{"name":"wp","href":"https:\/\/api.w.org\/{rel}","templated":true}]}}