{"id":644,"date":"2022-10-14T17:52:15","date_gmt":"2022-10-14T17:52:15","guid":{"rendered":"http:\/\/wordpress.bakermusik.de\/?page_id=644"},"modified":"2026-03-15T17:11:05","modified_gmt":"2026-03-15T16:11:05","slug":"videos-kathleen-baker","status":"publish","type":"page","link":"https:\/\/bakermusik.de\/en\/videos-kathleen-baker\/","title":{"rendered":"videos - Kathleen Baker"},"content":{"rendered":"<p class=\"has-white-color has-text-color has-link-color wp-elements-3b2614eca0f2a0515e4d5a74099c2a93\" style=\"font-size:0px\">videos - Kathleen Baker<\/p>\n\n\n\n<div class=\"wp-block-columns has-white-background-color has-background is-layout-flex wp-container-core-columns-is-layout-28f84493 wp-block-columns-is-layout-flex\">\n<div class=\"wp-block-column is-layout-flow wp-block-column-is-layout-flow\">\n<div class=\"wp-block-columns is-layout-flex wp-container-core-columns-is-layout-28f84493 wp-block-columns-is-layout-flex\">\n<div class=\"wp-block-column is-layout-flow wp-block-column-is-layout-flow\" style=\"flex-basis:80%\">\n<p><\/p>\n<\/div>\n\n\n\n<div class=\"wp-block-column is-layout-flow wp-block-column-is-layout-flow\"><div class=\"trp-shortcode-switcher__wrapper\"\r\n     style=\"--bg:#ffffff;--bg-hover:#0000000d;--text:#143852;--text-hover:#1d2327;--border:1px solid #000000;--border-width:1px;--border-color:#000000;--border-radius:5px;--flag-radius:2px;--flag-size:18px;--aspect-ratio:4\/3;--font-size:14px;--transition-duration:0.2s\"\r\n     role=\"group\"\r\n     data-open-mode=\"hover\">\r\n\r\n    \r\n        <!-- ANCHOR (in-flow only; sizing\/borders; inert) -->\r\n        <div class=\"trp-language-switcher trp-ls-dropdown trp-shortcode-switcher trp-shortcode-anchor trp-open-on-hover\"\r\n             aria-hidden=\"true\"\r\n             inert\r\n data-no-translation>\r\n                <div class=\"trp-current-language-item__wrapper\">\r\n        <a class=\"trp-language-item trp-language-item__default trp-language-item__current\" data-no-translation href=\"https:\/\/bakermusik.de\/en\/wp-json\/wp\/v2\/pages\/644\" title=\"English (Canada)\"><img decoding=\"async\" src=\"https:\/\/bakermusik.de\/wp-content\/plugins\/translatepress-multilingual\/assets\/flags\/4x3\/en_CA.svg\" class=\"trp-flag-image\" alt=\"\" role=\"presentation\" loading=\"lazy\" \/><span class=\"trp-language-item-name\">English (Canada)<\/span><\/a>                    <svg class=\"trp-shortcode-arrow\" width=\"20\" height=\"20\" viewbox=\"0 0 20 21\" fill=\"none\" aria-hidden=\"true\" focusable=\"false\" xmlns=\"http:\/\/www.w3.org\/2000\/svg\">\r\n                <path d=\"M5 8L10 13L15 8\" stroke=\"var(--text)\" stroke-width=\"2\" stroke-linecap=\"round\" stroke-linejoin=\"round\"\/>\r\n            <\/svg>\r\n            <\/div>\r\n            <\/div>\r\n\r\n        <!-- OVERLAY (positioned; interactive surface) -->\r\n        <div class=\"trp-language-switcher trp-ls-dropdown trp-shortcode-switcher trp-shortcode-overlay trp-open-on-hover\"\r\n             role=\"navigation\"\r\n             aria-label=\"Website language selector\"\r\n             data-no-translation\r\n>\r\n                <div class=\"trp-current-language-item__wrapper\">\r\n        <div class=\"trp-language-item trp-language-item__default trp-language-item__current\" data-no-translation role=\"button\" aria-expanded=\"false\" tabindex=\"0\" aria-label=\"Change language\" aria-controls=\"trp-shortcode-dropdown-69e13f20656db\"><img decoding=\"async\" src=\"https:\/\/bakermusik.de\/wp-content\/plugins\/translatepress-multilingual\/assets\/flags\/4x3\/en_CA.svg\" class=\"trp-flag-image\" alt=\"\" role=\"presentation\" loading=\"lazy\" \/><span class=\"trp-language-item-name\">English (Canada)<\/span><\/div>                    <svg class=\"trp-shortcode-arrow\" width=\"20\" height=\"20\" viewbox=\"0 0 20 21\" fill=\"none\" aria-hidden=\"true\" focusable=\"false\" xmlns=\"http:\/\/www.w3.org\/2000\/svg\">\r\n                <path d=\"M5 8L10 13L15 8\" stroke=\"var(--text)\" stroke-width=\"2\" stroke-linecap=\"round\" stroke-linejoin=\"round\"\/>\r\n            <\/svg>\r\n            <\/div>\r\n    \r\n            <div class=\"trp-switcher-dropdown-list\"\r\n                 id=\"trp-shortcode-dropdown-69e13f20656db\"\r\n                 role=\"group\"\r\n                 aria-label=\"Available languages\"\r\n                 hidden\r\n inert\r\n>\r\n                                                            <a class=\"trp-language-item\" href=\"https:\/\/bakermusik.de\/en\/wp-json\/wp\/v2\/pages\/644\" title=\"Deutsch\">\r\n                            <img decoding=\"async\" src=\"https:\/\/bakermusik.de\/wp-content\/plugins\/translatepress-multilingual\/assets\/flags\/4x3\/de_DE.svg\" class=\"trp-flag-image\" alt=\"\" role=\"presentation\" loading=\"lazy\" \/>                                                            <span class=\"trp-language-item-name\" data-no-translation>Deutsch<\/span>\r\n                                                                                <\/a>\r\n                                                <\/div>\r\n        <\/div>\r\n\r\n    <\/div>\r\n\n<\/div>\n<\/div>\n\n\n\n<div class=\"wp-block-columns is-layout-flex wp-container-core-columns-is-layout-28f84493 wp-block-columns-is-layout-flex\">\n<div class=\"wp-block-column is-layout-flow wp-block-column-is-layout-flow\" style=\"flex-basis:300px\">\n<figure class=\"wp-block-image size-full\"><img loading=\"lazy\" decoding=\"async\" width=\"470\" height=\"452\" src=\"https:\/\/bakermusik.de\/wp-content\/uploads\/2022\/10\/unbenannt__12_von_142_-.jpg\" alt=\"Videos Kathleen Baker\" class=\"wp-image-636\" srcset=\"https:\/\/bakermusik.de\/wp-content\/uploads\/2022\/10\/unbenannt__12_von_142_-.jpg 470w, https:\/\/bakermusik.de\/wp-content\/uploads\/2022\/10\/unbenannt__12_von_142_--300x289.jpg 300w, https:\/\/bakermusik.de\/wp-content\/uploads\/2022\/10\/unbenannt__12_von_142_--12x12.jpg 12w\" sizes=\"auto, (max-width: 470px) 100vw, 470px\" \/><\/figure>\n<\/div>\n\n\n\n<div class=\"wp-block-column is-layout-flow wp-block-column-is-layout-flow\">\n<h2 class=\"wp-block-heading\" style=\"font-size:1.8em\">Flute and Orchestra<br>Flute and Guitar<br>Flute solo<\/h2>\n<\/div>\n<\/div>\n\n\n\n<div style=\"height:27px\" aria-hidden=\"true\" class=\"wp-block-spacer\"><\/div>\n\n\n\n<hr class=\"wp-block-separator has-alpha-channel-opacity\"\/>\n\n\n\n<h3 class=\"wp-block-heading has-text-align-center\">Flute and Orchestra<\/h3>\n\n\n<div class=\"gb-grid-wrapper gb-grid-wrapper-658e5d52\">\n<div class=\"gb-grid-column gb-grid-column-fe0f9e8d\"><div class=\"gb-container gb-container-fe0f9e8d\"><div class=\"gb-inside-container\">\n\n<div style=\"height:50px\" aria-hidden=\"true\" class=\"wp-block-spacer\"><\/div>\n\n\n\n<figure class=\"wp-block-image aligncenter size-full is-resized\"><a href=\"https:\/\/www.youtube.com\/watch?v=RWXYFw7oZcE\" target=\"_blank\" rel=\"noreferrer noopener\"><img loading=\"lazy\" decoding=\"async\" width=\"547\" height=\"476\" src=\"https:\/\/bakermusik.de\/wp-content\/uploads\/2022\/10\/Goldfinch_206.jpg\" alt=\"Kathleen im Distelfink-Konzert von Vivaldi mit dem Sinfonieorchester Bergisch Gladbach\" class=\"wp-image-178\" style=\"width:358px;height:311px\" srcset=\"https:\/\/bakermusik.de\/wp-content\/uploads\/2022\/10\/Goldfinch_206.jpg 547w, https:\/\/bakermusik.de\/wp-content\/uploads\/2022\/10\/Goldfinch_206-300x261.jpg 300w, https:\/\/bakermusik.de\/wp-content\/uploads\/2022\/10\/Goldfinch_206-14x12.jpg 14w\" sizes=\"auto, (max-width: 547px) 100vw, 547px\" \/><\/a><\/figure>\n\n<\/div><\/div><\/div>\n\n<div class=\"gb-grid-column gb-grid-column-2f94a316\"><div class=\"gb-container gb-container-2f94a316\"><div class=\"gb-inside-container\">\n\n<figure class=\"wp-block-image aligncenter size-medium is-resized\"><a href=\"https:\/\/www.youtube.com\/watch?v=V-c8owSJAPE\" target=\"_blank\" rel=\"noreferrer noopener\"><img loading=\"lazy\" decoding=\"async\" width=\"211\" height=\"300\" src=\"https:\/\/bakermusik.de\/wp-content\/uploads\/2022\/10\/Nandin_20sketch_20colour-211x300.jpg\" alt=\"Kathleen - Sketch\" class=\"wp-image-613\" style=\"width:311px;height:443px\" srcset=\"https:\/\/bakermusik.de\/wp-content\/uploads\/2022\/10\/Nandin_20sketch_20colour-211x300.jpg 211w, https:\/\/bakermusik.de\/wp-content\/uploads\/2022\/10\/Nandin_20sketch_20colour-720x1024.jpg 720w, https:\/\/bakermusik.de\/wp-content\/uploads\/2022\/10\/Nandin_20sketch_20colour-768x1092.jpg 768w, https:\/\/bakermusik.de\/wp-content\/uploads\/2022\/10\/Nandin_20sketch_20colour-8x12.jpg 8w, https:\/\/bakermusik.de\/wp-content\/uploads\/2022\/10\/Nandin_20sketch_20colour-300x427.jpg 300w, https:\/\/bakermusik.de\/wp-content\/uploads\/2022\/10\/Nandin_20sketch_20colour-850x1209.jpg 850w, https:\/\/bakermusik.de\/wp-content\/uploads\/2022\/10\/Nandin_20sketch_20colour.jpg 858w\" sizes=\"auto, (max-width: 211px) 100vw, 211px\" \/><\/a><\/figure>\n\n<\/div><\/div><\/div>\n<\/div>\n\n<div class=\"gb-grid-wrapper gb-grid-wrapper-42390c67\">\n<div class=\"gb-grid-column gb-grid-column-b80b8969\"><div class=\"gb-container gb-container-b80b8969\"><div class=\"gb-inside-container\">\n\n<p class=\"has-text-align-center\">Das Distelfink-Konzert von Vivaldi mit dem<br> Bergisch Gladbach Symphony Orchestra<\/p>\n\n<\/div><\/div><\/div>\n\n<div class=\"gb-grid-column gb-grid-column-36b2df0c\"><div class=\"gb-container gb-container-36b2df0c\"><div class=\"gb-inside-container\">\n\n<p class=\"has-text-align-center\">Das Distelfink-Konzert von Vivaldi mit dem <br>Yachad Chamber Orchestra<\/p>\n\n<\/div><\/div><\/div>\n<\/div>\n\n\n<div style=\"height:27px\" aria-hidden=\"true\" class=\"wp-block-spacer\"><\/div>\n\n\n\n<hr class=\"wp-block-separator has-alpha-channel-opacity\"\/>\n\n\n\n<h3 class=\"wp-block-heading has-text-align-center\">Kathleen Baker plays Telemann Concerto in E moll for Flute und Blockfl\u00f6te, followed by Bach Brandenburg Concerto 5 for Flute, Violin and Cembalo.<\/h3>\n\n\n\n<figure class=\"wp-block-image size-large\"><img loading=\"lazy\" decoding=\"async\" width=\"1024\" height=\"296\" src=\"https:\/\/bakermusik.de\/wp-content\/uploads\/2022\/10\/2021-02-22_2015_20_55-_23KulturKurier_E2_80_8B_20bringt_20Barock_20ins_20Barockschloss_20-_20B_C3_BC-1024x296.jpg\" alt=\"KulturKurier Barock aus dem Barockschloss\" class=\"wp-image-666\" srcset=\"https:\/\/bakermusik.de\/wp-content\/uploads\/2022\/10\/2021-02-22_2015_20_55-_23KulturKurier_E2_80_8B_20bringt_20Barock_20ins_20Barockschloss_20-_20B_C3_BC-1024x296.jpg 1024w, https:\/\/bakermusik.de\/wp-content\/uploads\/2022\/10\/2021-02-22_2015_20_55-_23KulturKurier_E2_80_8B_20bringt_20Barock_20ins_20Barockschloss_20-_20B_C3_BC-300x87.jpg 300w, https:\/\/bakermusik.de\/wp-content\/uploads\/2022\/10\/2021-02-22_2015_20_55-_23KulturKurier_E2_80_8B_20bringt_20Barock_20ins_20Barockschloss_20-_20B_C3_BC-768x222.jpg 768w, https:\/\/bakermusik.de\/wp-content\/uploads\/2022\/10\/2021-02-22_2015_20_55-_23KulturKurier_E2_80_8B_20bringt_20Barock_20ins_20Barockschloss_20-_20B_C3_BC-1536x444.jpg 1536w, https:\/\/bakermusik.de\/wp-content\/uploads\/2022\/10\/2021-02-22_2015_20_55-_23KulturKurier_E2_80_8B_20bringt_20Barock_20ins_20Barockschloss_20-_20B_C3_BC-18x5.jpg 18w, https:\/\/bakermusik.de\/wp-content\/uploads\/2022\/10\/2021-02-22_2015_20_55-_23KulturKurier_E2_80_8B_20bringt_20Barock_20ins_20Barockschloss_20-_20B_C3_BC-850x246.jpg 850w, https:\/\/bakermusik.de\/wp-content\/uploads\/2022\/10\/2021-02-22_2015_20_55-_23KulturKurier_E2_80_8B_20bringt_20Barock_20ins_20Barockschloss_20-_20B_C3_BC.jpg 1686w\" sizes=\"auto, (max-width: 1024px) 100vw, 1024px\" \/><\/figure>\n\n\n\n<div style=\"height:27px\" aria-hidden=\"true\" class=\"wp-block-spacer\"><\/div>\n\n\n\n<hr class=\"wp-block-separator has-alpha-channel-opacity\"\/>\n\n\n\n<p><span style=\"margin-left:10px; font-size: 0.9em\">Note on the privacy of Youtube videos see <a href=\"https:\/\/bakermusik.de\/en\/datenschutzerklaerung\/#youtube\" target=\"_blank\" rel=\"noopener\" title=\"\">Privacy policy, paragraph 8<\/a><\/span><\/p>\n\n\n<div class=\"gb-grid-wrapper gb-grid-wrapper-6629a7e6\">\n<div class=\"gb-grid-column gb-grid-column-00742d0e\"><div class=\"gb-container gb-container-00742d0e\"><div class=\"gb-inside-container\">\n\n<h3 class=\"wp-block-heading has-text-align-center\"><em>Flute and Guitar<\/em><\/h3>\n\n\n\n<div class=\"lyte-wrapper\" style=\"width:640px;max-width:100%;margin:5px;\"><div class=\"lyMe\" id=\"WYL_KOcG0A9oDFc\"><div id=\"lyte_KOcG0A9oDFc\" data-src=\"https:\/\/bakermusik.de\/wp-content\/plugins\/wp-youtube-lyte\/lyteCache.php?origThumbUrl=%2F%2Fi.ytimg.com%2Fvi%2FKOcG0A9oDFc%2Fhqdefault.jpg\" class=\"pL\"><div class=\"tC\"><div class=\"tT\"><\/div><\/div><div class=\"play\"><\/div><div class=\"ctrl\"><div class=\"Lctrl\"><\/div><div class=\"Rctrl\"><\/div><\/div><\/div><noscript><a href=\"https:\/\/youtu.be\/KOcG0A9oDFc\" rel=\"nofollow\"><img loading=\"lazy\" decoding=\"async\" src=\"https:\/\/bakermusik.de\/wp-content\/plugins\/wp-youtube-lyte\/lyteCache.php?origThumbUrl=https%3A%2F%2Fi.ytimg.com%2Fvi%2FKOcG0A9oDFc%2F0.jpg\" alt=\"YouTube video thumbnail\" width=\"640\" height=\"340\" \/><br \/>Watch this video on YouTube<\/a><\/noscript><\/div><\/div><div class=\"lL\" style=\"max-width:100%;width:640px;margin:5px;\"><\/div>\n\n\n\n<p class=\"has-text-align-center\">Kathleen Baker\u00a0and Thomas Karas<\/p>\n\n<\/div><\/div><\/div>\n\n<div class=\"gb-grid-column gb-grid-column-d9b841cf\"><div class=\"gb-container gb-container-d9b841cf\"><div class=\"gb-inside-container\">\n\n<h3 class=\"wp-block-heading has-text-align-center\"><em>Flute alone<\/em><\/h3>\n\n\n\n<div class=\"lyte-wrapper\" style=\"width:640px;max-width:100%;margin:5px;\"><div class=\"lyMe\" id=\"WYL_OTnXj2u8kGw\"><div id=\"lyte_OTnXj2u8kGw\" data-src=\"https:\/\/bakermusik.de\/wp-content\/plugins\/wp-youtube-lyte\/lyteCache.php?origThumbUrl=%2F%2Fi.ytimg.com%2Fvi%2FOTnXj2u8kGw%2Fhqdefault.jpg\" class=\"pL\"><div class=\"tC\"><div class=\"tT\"><\/div><\/div><div class=\"play\"><\/div><div class=\"ctrl\"><div class=\"Lctrl\"><\/div><div class=\"Rctrl\"><\/div><\/div><\/div><noscript><a href=\"https:\/\/youtu.be\/OTnXj2u8kGw\" rel=\"nofollow\"><img loading=\"lazy\" decoding=\"async\" src=\"https:\/\/bakermusik.de\/wp-content\/plugins\/wp-youtube-lyte\/lyteCache.php?origThumbUrl=https%3A%2F%2Fi.ytimg.com%2Fvi%2FOTnXj2u8kGw%2F0.jpg\" alt=\"YouTube video thumbnail\" width=\"640\" height=\"340\" \/><br \/>Watch this video on YouTube<\/a><\/noscript><\/div><\/div><div class=\"lL\" style=\"max-width:100%;width:640px;margin:5px;\"><\/div>\n\n\n\n<p class=\"has-text-align-center\">La Vida Breve &#8211; Manuel da Falla<\/p>\n\n<\/div><\/div><\/div>\n<\/div>\n\n\n<div style=\"height:100px\" aria-hidden=\"true\" class=\"wp-block-spacer\"><\/div>\n\n\n\n<figure class=\"wp-block-image size-large is-resized\"><a href=\"https:\/\/bakermusik.de\/en\/videos\/\"><img loading=\"lazy\" decoding=\"async\" width=\"1024\" height=\"166\" src=\"https:\/\/bakermusik.de\/wp-content\/uploads\/2022\/10\/Header-Photo-Nandin-1024x166.jpg\" alt=\"Hands playing Flute\" class=\"wp-image-784\" style=\"width:400px\" srcset=\"https:\/\/bakermusik.de\/wp-content\/uploads\/2022\/10\/Header-Photo-Nandin-1024x166.jpg 1024w, https:\/\/bakermusik.de\/wp-content\/uploads\/2022\/10\/Header-Photo-Nandin-300x49.jpg 300w, https:\/\/bakermusik.de\/wp-content\/uploads\/2022\/10\/Header-Photo-Nandin-768x125.jpg 768w, https:\/\/bakermusik.de\/wp-content\/uploads\/2022\/10\/Header-Photo-Nandin-18x3.jpg 18w, https:\/\/bakermusik.de\/wp-content\/uploads\/2022\/10\/Header-Photo-Nandin-850x138.jpg 850w, https:\/\/bakermusik.de\/wp-content\/uploads\/2022\/10\/Header-Photo-Nandin.jpg 1258w\" sizes=\"auto, (max-width: 1024px) 100vw, 1024px\" \/><\/a><figcaption class=\"wp-element-caption\"><a href=\"https:\/\/bakermusik.de\/en\/videos\/\" title=\"videos\">...back to page Videos<\/a><\/figcaption><\/figure>\n\n\n\n<div style=\"height:30px\" aria-hidden=\"true\" class=\"wp-block-spacer\"><\/div>\n<\/div>\n<\/div>\n\n\n\n<div class=\"wp-block-columns is-layout-flex wp-container-core-columns-is-layout-28f84493 wp-block-columns-is-layout-flex\">\n<div class=\"wp-block-column is-layout-flow wp-block-column-is-layout-flow\">\n<hr class=\"wp-block-separator has-text-color has-global-color-8-color has-alpha-channel-opacity has-global-color-8-background-color has-background\"\/>\n\n\n\n<div style=\"height:20px\" aria-hidden=\"true\" class=\"wp-block-spacer\"><\/div>\n\n\n\n<div class=\"wp-block-columns is-layout-flex wp-container-core-columns-is-layout-28f84493 wp-block-columns-is-layout-flex\">\n<div class=\"wp-block-column m1 m12 has-background is-layout-flow wp-block-column-is-layout-flow\" style=\"background-color:#ebebeb\">\n<p style=\"padding-top:var(--wp--preset--spacing--40);font-size:1.4em\">Social Media<br> <\/p>\n\n\n\n<div class=\"sfsi_widget sfsi_shortcode_container\"><div class=\"norm_row sfsi_wDiv\"  style=\"width:225px;text-align:center;\"><div style='width:40px; height:40px;margin-left:5px;margin-bottom:5px; ' class='sfsi_wicons shuffeldiv' ><div class='inerCnt'><a class='sficn' data-effect='scale' target='_blank' rel='noopener'  href='https:\/\/www.facebook.com\/profile.php?id=100027725660575' id='sfsiid_facebook_icon' style='width:40px;height:40px;opacity:1;'  ><img data-pin-nopin='true' alt='Facebook' title='Facebook' src='https:\/\/bakermusik.de\/wp-content\/plugins\/ultimate-social-media-icons\/images\/icons_theme\/crystal\/crystal_facebook.png' width='40' height='40' style='' class='sfcm sfsi_wicon' data-effect='scale'   \/><\/a><div class=\"sfsi_tool_tip_2 fb_tool_bdr sfsiTlleft\" style=\"opacity:0;z-index:-1;\" id=\"sfsiid_facebook\"><span class=\"bot_arow bot_fb_arow\"><\/span><div class=\"sfsi_inside\"><div  class='icon1'><a href='https:\/\/www.facebook.com\/profile.php?id=100027725660575' target='_blank' rel='noopener'><img data-pin-nopin='true' class='sfsi_wicon' alt='Facebook' title='Facebook' src='https:\/\/bakermusik.de\/wp-content\/plugins\/ultimate-social-media-icons\/images\/visit_icons\/Visit_us_fb\/icon_Visit_us_en_US.png' \/><\/a><\/div><div  class='icon2'><div class=\"fb-like\" width=\"200\" data-href=\"https:\/\/bakermusik.de\/en\/videos-kathleen-baker\/\"  data-send=\"false\" data-layout=\"button_count\" data-action=\"like\"><\/div><\/div><div  class='icon3'><a target='_blank' rel='noopener' href='https:\/\/www.facebook.com\/sharer\/sharer.php?u=https%3A%2F%2Fbakermusik.de%2Fen%2Fwp-json%2Fwp%2Fv2%2Fpages%2F644' style='display:inline-block;'  > <img class='sfsi_wicon'  data-pin-nopin='true' alt='fb-share-icon' title='Facebook Share' src='https:\/\/bakermusik.de\/wp-content\/plugins\/ultimate-social-media-icons\/images\/share_icons\/fb_icons\/en_US.svg' \/><\/a><\/div><\/div><\/div><\/div><\/div><div style='width:40px; height:40px;margin-left:5px;margin-bottom:5px; ' class='sfsi_wicons shuffeldiv' ><div class='inerCnt'><a class='sficn' data-effect='scale' target='_blank' rel='noopener'  href='https:\/\/www.youtube.com\/user\/Nandinbaker' id='sfsiid_youtube_icon' style='width:40px;height:40px;opacity:1;'  ><img data-pin-nopin='true' alt='YouTube' title='YouTube' src='https:\/\/bakermusik.de\/wp-content\/plugins\/ultimate-social-media-icons\/images\/icons_theme\/crystal\/crystal_youtube.png' width='40' height='40' style='' class='sfcm sfsi_wicon' data-effect='scale'   \/><\/a><\/div><\/div><div style='width:40px; height:40px;margin-left:5px;margin-bottom:5px; ' class='sfsi_wicons shuffeldiv' ><div class='inerCnt'><a class='sficn' data-effect='scale' target='_blank' rel='noopener'  href='https:\/\/www.linkedin.com\/in\/nandin-kathleen-baker-360a6220\/' id='sfsiid_linkedin_icon' style='width:40px;height:40px;opacity:1;'  ><img data-pin-nopin='true' alt='LinkedIn' title='LinkedIn' src='https:\/\/bakermusik.de\/wp-content\/plugins\/ultimate-social-media-icons\/images\/icons_theme\/crystal\/crystal_linkedin.png' width='40' height='40' style='' class='sfcm sfsi_wicon' data-effect='scale'   \/><\/a><div class=\"sfsi_tool_tip_2 linkedin_tool_bdr sfsiTlleft\" style=\"opacity:0;z-index:-1;\" id=\"sfsiid_linkedin\"><span class=\"bot_arow bot_linkedin_arow\"><\/span><div class=\"sfsi_inside\"><div  class='icon4'><a href='https:\/\/www.linkedin.com\/in\/nandin-kathleen-baker-360a6220\/' target='_blank' rel='noopener'><img data-pin-nopin='true' class='sfsi_wicon' alt='LinkedIn' title='LinkedIn' src='https:\/\/bakermusik.de\/wp-content\/plugins\/ultimate-social-media-icons\/images\/visit_icons\/Visit_us_linkedin\/icon_en_US.svg' \/><\/a><\/div><div  class='icon1'><script type=\"IN\/FollowCompany\" data-id=\"10\" ><\/script><\/div><div  class='icon2'><a target='_blank' rel='noopener' href=\"https:\/\/www.linkedin.com\/sharing\/share-offsite\/?url=https%3A%2F%2Fbakermusik.de%2Fen%2Fwp-json%2Fwp%2Fv2%2Fpages%2F644\"><img decoding=\"async\" class=\"sfsi_wicon\" data-pin-nopin= \"true\" alt=\"Share\" title=\"Share\" src=\"https:\/\/bakermusik.de\/wp-content\/plugins\/ultimate-social-media-icons\/images\/share_icons\/Linkedin_Share\/en_US_share.svg\" \/><\/a><\/div><div  class='icon3'><script type=\"IN\/RecommendProduct\" data-company=\"10\" data-product=\"\"><\/script><\/div><\/div><\/div><\/div><\/div><div style='width:40px; height:40px;margin-left:5px;margin-bottom:5px; ' class='sfsi_wicons shuffeldiv' ><div class='inerCnt'><a class='sficn' data-effect='scale' target='_blank' rel='noopener'  href='https:\/\/www.instagram.com\/nandin.baker\/' id='sfsiid_instagram_icon' style='width:40px;height:40px;opacity:1;'  ><img data-pin-nopin='true' alt='Instagram' title='Instagram' src='https:\/\/bakermusik.de\/wp-content\/plugins\/ultimate-social-media-icons\/images\/icons_theme\/crystal\/crystal_instagram.png' width='40' height='40' style='' class='sfcm sfsi_wicon' data-effect='scale'   \/><\/a><\/div><\/div><\/div><div id=\"sfsi_holder\" class=\"sfsi_holders\" style=\"position: relative; float: left;width:100%;z-index:-1;\"><\/div><script>window.addEventListener(\"sfsi_functions_loaded\", function()\n\t\t\t{\n\t\t\t\tif (typeof sfsi_widget_set == \"function\") {\n\t\t\t\t\tsfsi_widget_set();\n\t\t\t\t}\n\t\t\t}); jQuery( document ).ready(function( $ ) { sfsi_shuffle(); });<\/script><div style=\"clear: both;\"><\/div><\/div>\n\n\n\n<p><strong><a href=\"https:\/\/bakermusik.de\/en\/biographie\/\" data-type=\"page\" data-id=\"237\">biography<\/a><\/strong><br><a href=\"https:\/\/bakermusik.de\/en\/kontakt\/\" data-type=\"page\" data-id=\"125\"><strong>contact<\/strong><\/a><\/p>\n<\/div>\n\n\n\n<div class=\"wp-block-column m1 m12 has-background is-layout-flow wp-block-column-is-layout-flow\" style=\"background-color:#ebebeb\">\n<p style=\"padding-top:var(--wp--preset--spacing--40);font-size:1.4em\"><a href=\"https:\/\/bakermusik.de\/en\/kontakt\/\" data-type=\"page\" data-id=\"125\">contact<\/a><br><\/p>\n\n\n\n<p><a title=\"contact\" href=\"https:\/\/bakermusik.de\/en\/kontakt\/\">contact<\/a> via email or phone:<br>Email: <a title=\"\" href=\"mailto:info@nandinmusic.com\">info (at) bakermusik.de<\/a><br>Mobile +49 172 436 2012<\/p>\n\n\n\n<p>(see also page <a href=\"https:\/\/bakermusik.de\/en\/kontakt\/\">contact<\/a>)<br><br><\/p>\n<\/div>\n\n\n\n<div class=\"wp-block-column m1 m12 has-background is-layout-flow wp-block-column-is-layout-flow\" style=\"background-color:#ebebeb\">\n<p style=\"padding-top:var(--wp--preset--spacing--40);font-size:1.4em\">Imprint and Privacy Policy<\/p>\n\n\n\n<p><a href=\"\/en\/impressum\/\" title=\"\">imprint \/ legal notice<\/a><br><a href=\"\/en\/datenschutzerklaerung\/\" title=\"\">Privacy Policy<\/a><br><a href=\"\/en\/cookie-richtlinie-eu\/\" title=\"\">cookie policy<\/a><br><\/p>\n\n\n\n<p class=\"has-text-align-left\"><a href=\"https:\/\/bakermusik.de\/en\/seitenuebersicht\/\" target=\"_blank\" rel=\"noopener\" title=\"Site Map\">Site Map<\/a><br><\/p>\n\n\n\n<p><\/p>\n<\/div>\n<\/div>\n\n\n\n<div style=\"height:20px\" aria-hidden=\"true\" class=\"wp-block-spacer\"><\/div>\n<\/div>\n<\/div>","protected":false},"excerpt":{"rendered":"<p>Videos Kathleen Baker Querfl\u00f6te und OrchesterQuerfl\u00f6te und GitarreQuerfl\u00f6te solo Querfl\u00f6te und Orchester Kathleen Baker spielt Telemann Concerto in E moll f\u00fcr Querfl\u00f6te [&hellip;]<\/p>\n","protected":false},"author":1,"featured_media":784,"parent":0,"menu_order":0,"comment_status":"closed","ping_status":"closed","template":"","meta":{"footnotes":""},"categories":[15],"tags":[89,90,88,87,84],"class_list":["post-644","page","type-page","status-publish","has-post-thumbnail","hentry","category-galerie","tag-querfloete-solo","tag-querfloete-solo-querfloete-und-orchester","tag-querfloete-und-gitarre","tag-querfloete-und-orchester","tag-videos-kathleen-baker"],"aioseo_notices":[],"_links":{"self":[{"href":"https:\/\/bakermusik.de\/en\/wp-json\/wp\/v2\/pages\/644","targetHints":{"allow":["GET"]}}],"collection":[{"href":"https:\/\/bakermusik.de\/en\/wp-json\/wp\/v2\/pages"}],"about":[{"href":"https:\/\/bakermusik.de\/en\/wp-json\/wp\/v2\/types\/page"}],"author":[{"embeddable":true,"href":"https:\/\/bakermusik.de\/en\/wp-json\/wp\/v2\/users\/1"}],"replies":[{"embeddable":true,"href":"https:\/\/bakermusik.de\/en\/wp-json\/wp\/v2\/comments?post=644"}],"version-history":[{"count":43,"href":"https:\/\/bakermusik.de\/en\/wp-json\/wp\/v2\/pages\/644\/revisions"}],"predecessor-version":[{"id":2907,"href":"https:\/\/bakermusik.de\/en\/wp-json\/wp\/v2\/pages\/644\/revisions\/2907"}],"wp:featuredmedia":[{"embeddable":true,"href":"https:\/\/bakermusik.de\/en\/wp-json\/wp\/v2\/media\/784"}],"wp:attachment":[{"href":"https:\/\/bakermusik.de\/en\/wp-json\/wp\/v2\/media?parent=644"}],"wp:term":[{"taxonomy":"category","embeddable":true,"href":"https:\/\/bakermusik.de\/en\/wp-json\/wp\/v2\/categories?post=644"},{"taxonomy":"post_tag","embeddable":true,"href":"https:\/\/bakermusik.de\/en\/wp-json\/wp\/v2\/tags?post=644"}],"curies":[{"name":"wp","href":"https:\/\/api.w.org\/{rel}","templated":true}]}}