{"id":646,"date":"2022-10-14T17:54:47","date_gmt":"2022-10-14T17:54:47","guid":{"rendered":"http:\/\/wordpress.bakermusik.de\/?page_id=646"},"modified":"2026-03-15T17:27:56","modified_gmt":"2026-03-15T16:27:56","slug":"videos-schuelerinnen-querfloete-blockfloete-und-stimme","status":"publish","type":"page","link":"https:\/\/bakermusik.de\/en\/videos-schuelerinnen-querfloete-blockfloete-und-stimme\/","title":{"rendered":"videos students - flute, recorder and voice"},"content":{"rendered":"<p class=\"has-white-color has-text-color has-link-color wp-elements-362b5e76428387ed44543322302ae948\" style=\"font-size:0px\">videos students - flute, recorder and voice<\/p>\n\n\n\n<div class=\"wp-block-columns is-layout-flex wp-container-core-columns-is-layout-28f84493 wp-block-columns-is-layout-flex\">\n<div class=\"wp-block-column has-white-background-color has-background is-layout-flow wp-block-column-is-layout-flow\" style=\"padding-top:var(--wp--preset--spacing--40);padding-right:var(--wp--preset--spacing--40);padding-bottom:var(--wp--preset--spacing--40);padding-left:30px\">\n<div class=\"wp-block-columns is-layout-flex wp-container-core-columns-is-layout-28f84493 wp-block-columns-is-layout-flex\">\n<div class=\"wp-block-column is-layout-flow wp-block-column-is-layout-flow\" style=\"flex-basis:80%\">\n<p><\/p>\n<\/div>\n\n\n\n<div class=\"wp-block-column is-layout-flow wp-block-column-is-layout-flow\"><div class=\"trp-shortcode-switcher__wrapper\"\r\n     style=\"--bg:#ffffff;--bg-hover:#0000000d;--text:#143852;--text-hover:#1d2327;--border:1px solid #000000;--border-width:1px;--border-color:#000000;--border-radius:5px;--flag-radius:2px;--flag-size:18px;--aspect-ratio:4\/3;--font-size:14px;--transition-duration:0.2s\"\r\n     role=\"group\"\r\n     data-open-mode=\"hover\">\r\n\r\n    \r\n        <!-- ANCHOR (in-flow only; sizing\/borders; inert) -->\r\n        <div class=\"trp-language-switcher trp-ls-dropdown trp-shortcode-switcher trp-shortcode-anchor trp-open-on-hover\"\r\n             aria-hidden=\"true\"\r\n             inert\r\n data-no-translation>\r\n                <div class=\"trp-current-language-item__wrapper\">\r\n        <a class=\"trp-language-item trp-language-item__default trp-language-item__current\" data-no-translation href=\"https:\/\/bakermusik.de\/en\/wp-json\/wp\/v2\/pages\/646\" title=\"English (Canada)\"><img decoding=\"async\" src=\"https:\/\/bakermusik.de\/wp-content\/plugins\/translatepress-multilingual\/assets\/flags\/4x3\/en_CA.svg\" class=\"trp-flag-image\" alt=\"\" role=\"presentation\" loading=\"lazy\" \/><span class=\"trp-language-item-name\">English (Canada)<\/span><\/a>                    <svg class=\"trp-shortcode-arrow\" width=\"20\" height=\"20\" viewbox=\"0 0 20 21\" fill=\"none\" aria-hidden=\"true\" focusable=\"false\" xmlns=\"http:\/\/www.w3.org\/2000\/svg\">\r\n                <path d=\"M5 8L10 13L15 8\" stroke=\"var(--text)\" stroke-width=\"2\" stroke-linecap=\"round\" stroke-linejoin=\"round\"\/>\r\n            <\/svg>\r\n            <\/div>\r\n            <\/div>\r\n\r\n        <!-- OVERLAY (positioned; interactive surface) -->\r\n        <div class=\"trp-language-switcher trp-ls-dropdown trp-shortcode-switcher trp-shortcode-overlay trp-open-on-hover\"\r\n             role=\"navigation\"\r\n             aria-label=\"Website language selector\"\r\n             data-no-translation\r\n>\r\n                <div class=\"trp-current-language-item__wrapper\">\r\n        <div class=\"trp-language-item trp-language-item__default trp-language-item__current\" data-no-translation role=\"button\" aria-expanded=\"false\" tabindex=\"0\" aria-label=\"Change language\" aria-controls=\"trp-shortcode-dropdown-69dbccd2bad12\"><img decoding=\"async\" src=\"https:\/\/bakermusik.de\/wp-content\/plugins\/translatepress-multilingual\/assets\/flags\/4x3\/en_CA.svg\" class=\"trp-flag-image\" alt=\"\" role=\"presentation\" loading=\"lazy\" \/><span class=\"trp-language-item-name\">English (Canada)<\/span><\/div>                    <svg class=\"trp-shortcode-arrow\" width=\"20\" height=\"20\" viewbox=\"0 0 20 21\" fill=\"none\" aria-hidden=\"true\" focusable=\"false\" xmlns=\"http:\/\/www.w3.org\/2000\/svg\">\r\n                <path d=\"M5 8L10 13L15 8\" stroke=\"var(--text)\" stroke-width=\"2\" stroke-linecap=\"round\" stroke-linejoin=\"round\"\/>\r\n            <\/svg>\r\n            <\/div>\r\n    \r\n            <div class=\"trp-switcher-dropdown-list\"\r\n                 id=\"trp-shortcode-dropdown-69dbccd2bad12\"\r\n                 role=\"group\"\r\n                 aria-label=\"Available languages\"\r\n                 hidden\r\n inert\r\n>\r\n                                                            <a class=\"trp-language-item\" href=\"https:\/\/bakermusik.de\/en\/wp-json\/wp\/v2\/pages\/646\" title=\"Deutsch\">\r\n                            <img decoding=\"async\" src=\"https:\/\/bakermusik.de\/wp-content\/plugins\/translatepress-multilingual\/assets\/flags\/4x3\/de_DE.svg\" class=\"trp-flag-image\" alt=\"\" role=\"presentation\" loading=\"lazy\" \/>                                                            <span class=\"trp-language-item-name\" data-no-translation>Deutsch<\/span>\r\n                                                                                <\/a>\r\n                                                <\/div>\r\n        <\/div>\r\n\r\n    <\/div>\r\n\n<\/div>\n<\/div>\n\n\n\n<h2 class=\"wp-block-heading has-text-align-center\">Flute and Recorder<\/h2>\n\n\n\n<div style=\"height:30px\" aria-hidden=\"true\" class=\"wp-block-spacer\"><\/div>\n\n\n\n<p><span style=\"margin-left:10px; font-size: 0.9em\">Note on the privacy of Youtube videos see <a href=\"https:\/\/bakermusik.de\/en\/datenschutzerklaerung\/#youtube\" target=\"_blank\" rel=\"noopener\" title=\"\">Privacy policy, paragraph 8<\/a><\/span><\/p>\n\n\n\n<div class=\"wp-block-columns no-padding-video-wrapper is-layout-flex wp-container-core-columns-is-layout-28f84493 wp-block-columns-is-layout-flex\">\n<div class=\"wp-block-column is-layout-flow wp-block-column-is-layout-flow\">\n<div class=\"lyte-wrapper\" style=\"width:640px;max-width:100%;margin:5px;\"><div class=\"lyMe\" id=\"WYL_aAMDVhQy9sI\"><div id=\"lyte_aAMDVhQy9sI\" data-src=\"https:\/\/bakermusik.de\/wp-content\/plugins\/wp-youtube-lyte\/lyteCache.php?origThumbUrl=%2F%2Fi.ytimg.com%2Fvi%2FaAMDVhQy9sI%2Fhqdefault.jpg\" class=\"pL\"><div class=\"tC\"><div class=\"tT\"><\/div><\/div><div class=\"play\"><\/div><div class=\"ctrl\"><div class=\"Lctrl\"><\/div><div class=\"Rctrl\"><\/div><\/div><\/div><noscript><a href=\"https:\/\/youtu.be\/aAMDVhQy9sI\" rel=\"nofollow\"><img loading=\"lazy\" decoding=\"async\" src=\"https:\/\/bakermusik.de\/wp-content\/plugins\/wp-youtube-lyte\/lyteCache.php?origThumbUrl=https%3A%2F%2Fi.ytimg.com%2Fvi%2FaAMDVhQy9sI%2F0.jpg\" alt=\"YouTube video thumbnail\" width=\"640\" height=\"340\" \/><br \/>Watch this video on YouTube<\/a><\/noscript><\/div><\/div><div class=\"lL\" style=\"max-width:100%;width:640px;margin:5px;\"><\/div>\n\n\n\n<p class=\"has-text-align-center\">Ring of Flutes<\/p>\n<\/div>\n\n\n\n<div class=\"wp-block-column is-layout-flow wp-block-column-is-layout-flow\">\n<div class=\"lyte-wrapper\" style=\"width:640px;max-width:100%;margin:5px;\"><div class=\"lyMe\" id=\"WYL_Z9-CjV16wG0\"><div id=\"lyte_Z9-CjV16wG0\" data-src=\"https:\/\/bakermusik.de\/wp-content\/plugins\/wp-youtube-lyte\/lyteCache.php?origThumbUrl=%2F%2Fi.ytimg.com%2Fvi%2FZ9-CjV16wG0%2Fhqdefault.jpg\" class=\"pL\"><div class=\"tC\"><div class=\"tT\"><\/div><\/div><div class=\"play\"><\/div><div class=\"ctrl\"><div class=\"Lctrl\"><\/div><div class=\"Rctrl\"><\/div><\/div><\/div><noscript><a href=\"https:\/\/youtu.be\/Z9-CjV16wG0\" rel=\"nofollow\"><img loading=\"lazy\" decoding=\"async\" src=\"https:\/\/bakermusik.de\/wp-content\/plugins\/wp-youtube-lyte\/lyteCache.php?origThumbUrl=https%3A%2F%2Fi.ytimg.com%2Fvi%2FZ9-CjV16wG0%2F0.jpg\" alt=\"YouTube video thumbnail\" width=\"640\" height=\"340\" \/><br \/>Watch this video on YouTube<\/a><\/noscript><\/div><\/div><div class=\"lL\" style=\"max-width:100%;width:640px;margin:5px;\"><\/div>\n\n\n\n<p class=\"has-text-align-center\">Menuett \u2013 Krieger<\/p>\n<\/div>\n<\/div>\n\n\n\n<div style=\"height:90px\" aria-hidden=\"true\" class=\"wp-block-spacer\"><\/div>\n\n\n\n<div class=\"wp-block-columns no-padding-video-wrapper is-layout-flex wp-container-core-columns-is-layout-28f84493 wp-block-columns-is-layout-flex\">\n<div class=\"wp-block-column is-layout-flow wp-block-column-is-layout-flow\">\n<div class=\"lyte-wrapper\" style=\"width:640px;max-width:100%;margin:5px;\"><div class=\"lyMe\" id=\"WYL__0deyD_yQzw\"><div id=\"lyte__0deyD_yQzw\" data-src=\"https:\/\/bakermusik.de\/wp-content\/plugins\/wp-youtube-lyte\/lyteCache.php?origThumbUrl=%2F%2Fi.ytimg.com%2Fvi%2F_0deyD_yQzw%2Fhqdefault.jpg\" class=\"pL\"><div class=\"tC\"><div class=\"tT\"><\/div><\/div><div class=\"play\"><\/div><div class=\"ctrl\"><div class=\"Lctrl\"><\/div><div class=\"Rctrl\"><\/div><\/div><\/div><noscript><a href=\"https:\/\/youtu.be\/_0deyD_yQzw\" rel=\"nofollow\"><img loading=\"lazy\" decoding=\"async\" src=\"https:\/\/bakermusik.de\/wp-content\/plugins\/wp-youtube-lyte\/lyteCache.php?origThumbUrl=https%3A%2F%2Fi.ytimg.com%2Fvi%2F_0deyD_yQzw%2F0.jpg\" alt=\"YouTube video thumbnail\" width=\"640\" height=\"340\" \/><br \/>Watch this video on YouTube<\/a><\/noscript><\/div><\/div><div class=\"lL\" style=\"max-width:100%;width:640px;margin:5px;\"><\/div>\n\n\n\n<p class=\"has-text-align-center\">Echo<\/p>\n<\/div>\n\n\n\n<div class=\"wp-block-column is-layout-flow wp-block-column-is-layout-flow\">\n<div class=\"lyte-wrapper\" style=\"width:640px;max-width:100%;margin:5px;\"><div class=\"lyMe\" id=\"WYL_tv1YYOwGf0E\"><div id=\"lyte_tv1YYOwGf0E\" data-src=\"https:\/\/bakermusik.de\/wp-content\/plugins\/wp-youtube-lyte\/lyteCache.php?origThumbUrl=%2F%2Fi.ytimg.com%2Fvi%2Ftv1YYOwGf0E%2Fhqdefault.jpg\" class=\"pL\"><div class=\"tC\"><div class=\"tT\"><\/div><\/div><div class=\"play\"><\/div><div class=\"ctrl\"><div class=\"Lctrl\"><\/div><div class=\"Rctrl\"><\/div><\/div><\/div><noscript><a href=\"https:\/\/youtu.be\/tv1YYOwGf0E\" rel=\"nofollow\"><img loading=\"lazy\" decoding=\"async\" src=\"https:\/\/bakermusik.de\/wp-content\/plugins\/wp-youtube-lyte\/lyteCache.php?origThumbUrl=https%3A%2F%2Fi.ytimg.com%2Fvi%2Ftv1YYOwGf0E%2F0.jpg\" alt=\"YouTube video thumbnail\" width=\"640\" height=\"340\" \/><br \/>Watch this video on YouTube<\/a><\/noscript><\/div><\/div><div class=\"lL\" style=\"max-width:100%;width:640px;margin:5px;\"><\/div>\n\n\n\n<p class=\"has-text-align-center\">Tango<\/p>\n<\/div>\n<\/div>\n\n\n\n<div class=\"wp-block-columns no-padding-video-wrapper is-layout-flex wp-container-core-columns-is-layout-28f84493 wp-block-columns-is-layout-flex\">\n<div class=\"wp-block-column is-layout-flow wp-block-column-is-layout-flow\">\n<div style=\"width:475px; height=267px; margin:auto;\">\n<div class=\"lyte-wrapper\" style=\"width:640px;max-width:100%;margin:5px;\"><div class=\"lyMe\" id=\"WYL_ZbFFri4BloY\"><div id=\"lyte_ZbFFri4BloY\" data-src=\"https:\/\/bakermusik.de\/wp-content\/plugins\/wp-youtube-lyte\/lyteCache.php?origThumbUrl=%2F%2Fi.ytimg.com%2Fvi%2FZbFFri4BloY%2Fhqdefault.jpg\" class=\"pL\"><div class=\"tC\"><div class=\"tT\"><\/div><\/div><div class=\"play\"><\/div><div class=\"ctrl\"><div class=\"Lctrl\"><\/div><div class=\"Rctrl\"><\/div><\/div><\/div><noscript><a href=\"https:\/\/youtu.be\/ZbFFri4BloY\" rel=\"nofollow\"><img loading=\"lazy\" decoding=\"async\" src=\"https:\/\/bakermusik.de\/wp-content\/plugins\/wp-youtube-lyte\/lyteCache.php?origThumbUrl=https%3A%2F%2Fi.ytimg.com%2Fvi%2FZbFFri4BloY%2F0.jpg\" alt=\"YouTube video thumbnail\" width=\"640\" height=\"340\" \/><br \/>Watch this video on YouTube<\/a><\/noscript><\/div><\/div><div class=\"lL\" style=\"max-width:100%;width:640px;margin:5px;\"><\/div>\n<\/div>\n\n\n\n<p class=\"has-text-align-center\">Christmas Carols<\/p>\n<\/div>\n<\/div>\n\n\n\n<div style=\"height:91px\" aria-hidden=\"true\" class=\"wp-block-spacer\"><\/div>\n\n\n\n<h2 class=\"wp-block-heading has-text-align-center\">Recorder<\/h2>\n\n\n\n<div style=\"height:30px\" aria-hidden=\"true\" class=\"wp-block-spacer\"><\/div>\n\n\n\n<div class=\"wp-block-columns no-padding-video-wrapper is-layout-flex wp-container-core-columns-is-layout-28f84493 wp-block-columns-is-layout-flex\">\n<div class=\"wp-block-column is-layout-flow wp-block-column-is-layout-flow\">\n<div style=\"width:475px; height=267px; margin:auto;\">\n<div class=\"lyte-wrapper\" style=\"width:640px;max-width:100%;margin:5px;\"><div class=\"lyMe\" id=\"WYL_B7cpZWCbE3Q\"><div id=\"lyte_B7cpZWCbE3Q\" data-src=\"https:\/\/bakermusik.de\/wp-content\/plugins\/wp-youtube-lyte\/lyteCache.php?origThumbUrl=%2F%2Fi.ytimg.com%2Fvi%2FB7cpZWCbE3Q%2Fhqdefault.jpg\" class=\"pL\"><div class=\"tC\"><div class=\"tT\"><\/div><\/div><div class=\"play\"><\/div><div class=\"ctrl\"><div class=\"Lctrl\"><\/div><div class=\"Rctrl\"><\/div><\/div><\/div><noscript><a href=\"https:\/\/youtu.be\/B7cpZWCbE3Q\" rel=\"nofollow\"><img loading=\"lazy\" decoding=\"async\" src=\"https:\/\/bakermusik.de\/wp-content\/plugins\/wp-youtube-lyte\/lyteCache.php?origThumbUrl=https%3A%2F%2Fi.ytimg.com%2Fvi%2FB7cpZWCbE3Q%2F0.jpg\" alt=\"YouTube video thumbnail\" width=\"640\" height=\"340\" \/><br \/>Watch this video on YouTube<\/a><\/noscript><\/div><\/div><div class=\"lL\" style=\"max-width:100%;width:640px;margin:5px;\"><\/div>\n<\/div>\n\n\n\n<p class=\"has-text-align-center\">Bulgarian folk dance<\/p>\n<\/div>\n<\/div>\n\n\n\n<div style=\"height:90px\" aria-hidden=\"true\" class=\"wp-block-spacer\"><\/div>\n\n\n\n<h2 class=\"wp-block-heading has-text-align-center\">Voice<\/h2>\n\n\n\n<div style=\"height:33px\" aria-hidden=\"true\" class=\"wp-block-spacer\"><\/div>\n\n\n\n<div class=\"wp-block-columns no-padding-video-wrapper is-layout-flex wp-container-core-columns-is-layout-28f84493 wp-block-columns-is-layout-flex\">\n<div class=\"wp-block-column is-layout-flow wp-block-column-is-layout-flow\">\n<div class=\"lyte-wrapper\" style=\"width:640px;max-width:100%;margin:5px;\"><div class=\"lyMe\" id=\"WYL_JS1sVRmRaDE\"><div id=\"lyte_JS1sVRmRaDE\" data-src=\"https:\/\/bakermusik.de\/wp-content\/plugins\/wp-youtube-lyte\/lyteCache.php?origThumbUrl=%2F%2Fi.ytimg.com%2Fvi%2FJS1sVRmRaDE%2Fhqdefault.jpg\" class=\"pL\"><div class=\"tC\"><div class=\"tT\"><\/div><\/div><div class=\"play\"><\/div><div class=\"ctrl\"><div class=\"Lctrl\"><\/div><div class=\"Rctrl\"><\/div><\/div><\/div><noscript><a href=\"https:\/\/youtu.be\/JS1sVRmRaDE\" rel=\"nofollow\"><img loading=\"lazy\" decoding=\"async\" src=\"https:\/\/bakermusik.de\/wp-content\/plugins\/wp-youtube-lyte\/lyteCache.php?origThumbUrl=https%3A%2F%2Fi.ytimg.com%2Fvi%2FJS1sVRmRaDE%2F0.jpg\" alt=\"YouTube video thumbnail\" width=\"640\" height=\"340\" \/><br \/>Watch this video on YouTube<\/a><\/noscript><\/div><\/div><div class=\"lL\" style=\"max-width:100%;width:640px;margin:5px;\"><\/div>\n\n\n\n<p class=\"has-text-align-center\">Empire State of Mind \u2013 Alicia Keys<\/p>\n<\/div>\n\n\n\n<div class=\"wp-block-column is-layout-flow wp-block-column-is-layout-flow\">\n<div class=\"lyte-wrapper\" style=\"width:640px;max-width:100%;margin:5px;\"><div class=\"lyMe\" id=\"WYL_YDurFPheRzw\"><div id=\"lyte_YDurFPheRzw\" data-src=\"https:\/\/bakermusik.de\/wp-content\/plugins\/wp-youtube-lyte\/lyteCache.php?origThumbUrl=%2F%2Fi.ytimg.com%2Fvi%2FYDurFPheRzw%2Fhqdefault.jpg\" class=\"pL\"><div class=\"tC\"><div class=\"tT\"><\/div><\/div><div class=\"play\"><\/div><div class=\"ctrl\"><div class=\"Lctrl\"><\/div><div class=\"Rctrl\"><\/div><\/div><\/div><noscript><a href=\"https:\/\/youtu.be\/YDurFPheRzw\" rel=\"nofollow\"><img loading=\"lazy\" decoding=\"async\" src=\"https:\/\/bakermusik.de\/wp-content\/plugins\/wp-youtube-lyte\/lyteCache.php?origThumbUrl=https%3A%2F%2Fi.ytimg.com%2Fvi%2FYDurFPheRzw%2F0.jpg\" alt=\"YouTube video thumbnail\" width=\"640\" height=\"340\" \/><br \/>Watch this video on YouTube<\/a><\/noscript><\/div><\/div><div class=\"lL\" style=\"max-width:100%;width:640px;margin:5px;\"><\/div>\n\n\n\n<p class=\"has-text-align-center\">Calma e tranquilidade<\/p>\n<\/div>\n<\/div>\n\n\n\n<div style=\"height:100px\" aria-hidden=\"true\" class=\"wp-block-spacer\"><\/div>\n\n\n\n<figure class=\"wp-block-image size-large is-resized\"><a href=\"https:\/\/bakermusik.de\/en\/videos\/\"><img loading=\"lazy\" decoding=\"async\" width=\"1024\" height=\"166\" src=\"https:\/\/bakermusik.de\/wp-content\/uploads\/2022\/10\/Header-Photo-Nandin-1024x166.jpg\" alt=\"Hands playing Flute\" class=\"wp-image-784\" style=\"width:400px\" srcset=\"https:\/\/bakermusik.de\/wp-content\/uploads\/2022\/10\/Header-Photo-Nandin-1024x166.jpg 1024w, https:\/\/bakermusik.de\/wp-content\/uploads\/2022\/10\/Header-Photo-Nandin-300x49.jpg 300w, https:\/\/bakermusik.de\/wp-content\/uploads\/2022\/10\/Header-Photo-Nandin-768x125.jpg 768w, https:\/\/bakermusik.de\/wp-content\/uploads\/2022\/10\/Header-Photo-Nandin-18x3.jpg 18w, https:\/\/bakermusik.de\/wp-content\/uploads\/2022\/10\/Header-Photo-Nandin-850x138.jpg 850w, https:\/\/bakermusik.de\/wp-content\/uploads\/2022\/10\/Header-Photo-Nandin.jpg 1258w\" sizes=\"auto, (max-width: 1024px) 100vw, 1024px\" \/><\/a><figcaption class=\"wp-element-caption\"><a href=\"https:\/\/bakermusik.de\/en\/videos\/\" title=\"videos\">...back to page Videos<\/a><\/figcaption><\/figure>\n\n\n\n<div style=\"height:30px\" aria-hidden=\"true\" class=\"wp-block-spacer\"><\/div>\n\n\n\n<p><span style=\"margin-left:10px; font-size: 0.9em\">Note on the privacy of Youtube videos see <a href=\"https:\/\/bakermusik.de\/en\/datenschutzerklaerung\/#youtube\" target=\"_blank\" rel=\"noopener\" title=\"\">Privacy Policy Paragraph 10<\/a><\/span><\/p>\n<\/div>\n<\/div>\n\n\n\n<div style=\"height:60px\" aria-hidden=\"true\" class=\"wp-block-spacer\"><\/div>\n\n\n\n<div class=\"wp-block-columns is-layout-flex wp-container-core-columns-is-layout-28f84493 wp-block-columns-is-layout-flex\">\n<div class=\"wp-block-column is-layout-flow wp-block-column-is-layout-flow\">\n<hr class=\"wp-block-separator has-text-color has-global-color-8-color has-alpha-channel-opacity has-global-color-8-background-color has-background\"\/>\n\n\n\n<div style=\"height:20px\" aria-hidden=\"true\" class=\"wp-block-spacer\"><\/div>\n\n\n\n<div class=\"wp-block-columns is-layout-flex wp-container-core-columns-is-layout-28f84493 wp-block-columns-is-layout-flex\">\n<div class=\"wp-block-column m1 m12 has-background is-layout-flow wp-block-column-is-layout-flow\" style=\"background-color:#ebebeb\">\n<p style=\"padding-top:var(--wp--preset--spacing--40);font-size:1.4em\">Social Media<br> <\/p>\n\n\n\n<div class=\"sfsi_widget sfsi_shortcode_container\"><div class=\"norm_row sfsi_wDiv\"  style=\"width:225px;text-align:center;\"><div style='width:40px; height:40px;margin-left:5px;margin-bottom:5px; ' class='sfsi_wicons shuffeldiv' ><div class='inerCnt'><a class='sficn' data-effect='scale' target='_blank' rel='noopener'  href='https:\/\/www.facebook.com\/profile.php?id=100027725660575' id='sfsiid_facebook_icon' style='width:40px;height:40px;opacity:1;'  ><img data-pin-nopin='true' alt='Facebook' title='Facebook' src='https:\/\/bakermusik.de\/wp-content\/plugins\/ultimate-social-media-icons\/images\/icons_theme\/crystal\/crystal_facebook.png' width='40' height='40' style='' class='sfcm sfsi_wicon' data-effect='scale'   \/><\/a><div class=\"sfsi_tool_tip_2 fb_tool_bdr sfsiTlleft\" style=\"opacity:0;z-index:-1;\" id=\"sfsiid_facebook\"><span class=\"bot_arow bot_fb_arow\"><\/span><div class=\"sfsi_inside\"><div  class='icon1'><a href='https:\/\/www.facebook.com\/profile.php?id=100027725660575' target='_blank' rel='noopener'><img data-pin-nopin='true' class='sfsi_wicon' alt='Facebook' title='Facebook' src='https:\/\/bakermusik.de\/wp-content\/plugins\/ultimate-social-media-icons\/images\/visit_icons\/Visit_us_fb\/icon_Visit_us_en_US.png' \/><\/a><\/div><div  class='icon2'><div class=\"fb-like\" width=\"200\" data-href=\"https:\/\/bakermusik.de\/en\/videos-schuelerinnen-querfloete-blockfloete-und-stimme\/\"  data-send=\"false\" data-layout=\"button_count\" data-action=\"like\"><\/div><\/div><div  class='icon3'><a target='_blank' rel='noopener' href='https:\/\/www.facebook.com\/sharer\/sharer.php?u=https%3A%2F%2Fbakermusik.de%2Fen%2Fwp-json%2Fwp%2Fv2%2Fpages%2F646' style='display:inline-block;'  > <img class='sfsi_wicon'  data-pin-nopin='true' alt='fb-share-icon' title='Facebook Share' src='https:\/\/bakermusik.de\/wp-content\/plugins\/ultimate-social-media-icons\/images\/share_icons\/fb_icons\/en_US.svg' \/><\/a><\/div><\/div><\/div><\/div><\/div><div style='width:40px; height:40px;margin-left:5px;margin-bottom:5px; ' class='sfsi_wicons shuffeldiv' ><div class='inerCnt'><a class='sficn' data-effect='scale' target='_blank' rel='noopener'  href='https:\/\/www.youtube.com\/user\/Nandinbaker' id='sfsiid_youtube_icon' style='width:40px;height:40px;opacity:1;'  ><img data-pin-nopin='true' alt='YouTube' title='YouTube' src='https:\/\/bakermusik.de\/wp-content\/plugins\/ultimate-social-media-icons\/images\/icons_theme\/crystal\/crystal_youtube.png' width='40' height='40' style='' class='sfcm sfsi_wicon' data-effect='scale'   \/><\/a><\/div><\/div><div style='width:40px; height:40px;margin-left:5px;margin-bottom:5px; ' class='sfsi_wicons shuffeldiv' ><div class='inerCnt'><a class='sficn' data-effect='scale' target='_blank' rel='noopener'  href='https:\/\/www.linkedin.com\/in\/nandin-kathleen-baker-360a6220\/' id='sfsiid_linkedin_icon' style='width:40px;height:40px;opacity:1;'  ><img data-pin-nopin='true' alt='LinkedIn' title='LinkedIn' src='https:\/\/bakermusik.de\/wp-content\/plugins\/ultimate-social-media-icons\/images\/icons_theme\/crystal\/crystal_linkedin.png' width='40' height='40' style='' class='sfcm sfsi_wicon' data-effect='scale'   \/><\/a><div class=\"sfsi_tool_tip_2 linkedin_tool_bdr sfsiTlleft\" style=\"opacity:0;z-index:-1;\" id=\"sfsiid_linkedin\"><span class=\"bot_arow bot_linkedin_arow\"><\/span><div class=\"sfsi_inside\"><div  class='icon4'><a href='https:\/\/www.linkedin.com\/in\/nandin-kathleen-baker-360a6220\/' target='_blank' rel='noopener'><img data-pin-nopin='true' class='sfsi_wicon' alt='LinkedIn' title='LinkedIn' src='https:\/\/bakermusik.de\/wp-content\/plugins\/ultimate-social-media-icons\/images\/visit_icons\/Visit_us_linkedin\/icon_en_US.svg' \/><\/a><\/div><div  class='icon1'><script type=\"IN\/FollowCompany\" data-id=\"10\" ><\/script><\/div><div  class='icon2'><a target='_blank' rel='noopener' href=\"https:\/\/www.linkedin.com\/sharing\/share-offsite\/?url=https%3A%2F%2Fbakermusik.de%2Fen%2Fwp-json%2Fwp%2Fv2%2Fpages%2F646\"><img decoding=\"async\" class=\"sfsi_wicon\" data-pin-nopin= \"true\" alt=\"Share\" title=\"Share\" src=\"https:\/\/bakermusik.de\/wp-content\/plugins\/ultimate-social-media-icons\/images\/share_icons\/Linkedin_Share\/en_US_share.svg\" \/><\/a><\/div><div  class='icon3'><script type=\"IN\/RecommendProduct\" data-company=\"10\" data-product=\"\"><\/script><\/div><\/div><\/div><\/div><\/div><div style='width:40px; height:40px;margin-left:5px;margin-bottom:5px; ' class='sfsi_wicons shuffeldiv' ><div class='inerCnt'><a class='sficn' data-effect='scale' target='_blank' rel='noopener'  href='https:\/\/www.instagram.com\/nandin.baker\/' id='sfsiid_instagram_icon' style='width:40px;height:40px;opacity:1;'  ><img data-pin-nopin='true' alt='Instagram' title='Instagram' src='https:\/\/bakermusik.de\/wp-content\/plugins\/ultimate-social-media-icons\/images\/icons_theme\/crystal\/crystal_instagram.png' width='40' height='40' style='' class='sfcm sfsi_wicon' data-effect='scale'   \/><\/a><\/div><\/div><\/div><div id=\"sfsi_holder\" class=\"sfsi_holders\" style=\"position: relative; float: left;width:100%;z-index:-1;\"><\/div><script>window.addEventListener(\"sfsi_functions_loaded\", function()\n\t\t\t{\n\t\t\t\tif (typeof sfsi_widget_set == \"function\") {\n\t\t\t\t\tsfsi_widget_set();\n\t\t\t\t}\n\t\t\t}); jQuery( document ).ready(function( $ ) { sfsi_shuffle(); });<\/script><div style=\"clear: both;\"><\/div><\/div>\n\n\n\n<p><strong><a href=\"https:\/\/bakermusik.de\/en\/biographie\/\" data-type=\"page\" data-id=\"237\">biography<\/a><\/strong><br><a href=\"https:\/\/bakermusik.de\/en\/kontakt\/\" data-type=\"page\" data-id=\"125\"><strong>contact<\/strong><\/a><\/p>\n<\/div>\n\n\n\n<div class=\"wp-block-column m1 m12 has-background is-layout-flow wp-block-column-is-layout-flow\" style=\"background-color:#ebebeb\">\n<p style=\"padding-top:var(--wp--preset--spacing--40);font-size:1.4em\"><a href=\"https:\/\/bakermusik.de\/en\/kontakt\/\" data-type=\"page\" data-id=\"125\">contact<\/a><br><\/p>\n\n\n\n<p><a title=\"contact\" href=\"https:\/\/bakermusik.de\/en\/kontakt\/\">contact<\/a> via email or phone:<br>Email: <a title=\"\" href=\"mailto:info@nandinmusic.com\">info (at) bakermusik.de<\/a><br>Mobile +49 172 436 2012<\/p>\n\n\n\n<p>(see also page <a href=\"https:\/\/bakermusik.de\/en\/kontakt\/\">contact<\/a>)<br><br><\/p>\n<\/div>\n\n\n\n<div class=\"wp-block-column m1 m12 has-background is-layout-flow wp-block-column-is-layout-flow\" style=\"background-color:#ebebeb\">\n<p style=\"padding-top:var(--wp--preset--spacing--40);font-size:1.4em\">Imprint and Privacy Policy<\/p>\n\n\n\n<p><a href=\"\/en\/impressum\/\" title=\"\">imprint \/ legal notice<\/a><br><a href=\"\/en\/datenschutzerklaerung\/\" title=\"\">Privacy Policy<\/a><br><a href=\"\/en\/cookie-richtlinie-eu\/\" title=\"\">cookie policy<\/a><br><\/p>\n\n\n\n<p class=\"has-text-align-left\"><a href=\"https:\/\/bakermusik.de\/en\/seitenuebersicht\/\" target=\"_blank\" rel=\"noopener\" title=\"Site Map\">Site Map<\/a><br><\/p>\n\n\n\n<p><\/p>\n<\/div>\n<\/div>\n\n\n\n<div style=\"height:20px\" aria-hidden=\"true\" class=\"wp-block-spacer\"><\/div>\n<\/div>\n<\/div>","protected":false},"excerpt":{"rendered":"<p>Videos Sch\u00fcler*innen &#8211; Querfl\u00f6te, Blockfl\u00f6te und Gesang Querfl\u00f6te und Blockfl\u00f6te Hinweis zum Datenschutz der Youtube-Videos siehe Datenschutzerkl\u00e4rung, Absatz 8 Ring of Flutes [&hellip;]<\/p>\n","protected":false},"author":1,"featured_media":784,"parent":0,"menu_order":0,"comment_status":"closed","ping_status":"closed","template":"","meta":{"footnotes":""},"categories":[15],"tags":[93,83],"class_list":["post-646","page","type-page","status-publish","has-post-thumbnail","hentry","category-galerie","tag-querfloete-blockfloete-und-gesang","tag-videos-schuelerinnen"],"aioseo_notices":[],"_links":{"self":[{"href":"https:\/\/bakermusik.de\/en\/wp-json\/wp\/v2\/pages\/646","targetHints":{"allow":["GET"]}}],"collection":[{"href":"https:\/\/bakermusik.de\/en\/wp-json\/wp\/v2\/pages"}],"about":[{"href":"https:\/\/bakermusik.de\/en\/wp-json\/wp\/v2\/types\/page"}],"author":[{"embeddable":true,"href":"https:\/\/bakermusik.de\/en\/wp-json\/wp\/v2\/users\/1"}],"replies":[{"embeddable":true,"href":"https:\/\/bakermusik.de\/en\/wp-json\/wp\/v2\/comments?post=646"}],"version-history":[{"count":47,"href":"https:\/\/bakermusik.de\/en\/wp-json\/wp\/v2\/pages\/646\/revisions"}],"predecessor-version":[{"id":2911,"href":"https:\/\/bakermusik.de\/en\/wp-json\/wp\/v2\/pages\/646\/revisions\/2911"}],"wp:featuredmedia":[{"embeddable":true,"href":"https:\/\/bakermusik.de\/en\/wp-json\/wp\/v2\/media\/784"}],"wp:attachment":[{"href":"https:\/\/bakermusik.de\/en\/wp-json\/wp\/v2\/media?parent=646"}],"wp:term":[{"taxonomy":"category","embeddable":true,"href":"https:\/\/bakermusik.de\/en\/wp-json\/wp\/v2\/categories?post=646"},{"taxonomy":"post_tag","embeddable":true,"href":"https:\/\/bakermusik.de\/en\/wp-json\/wp\/v2\/tags?post=646"}],"curies":[{"name":"wp","href":"https:\/\/api.w.org\/{rel}","templated":true}]}}